{"id":9,"date":"2021-05-07T13:45:40","date_gmt":"2021-05-07T11:45:40","guid":{"rendered":"http:\/\/evangeo.com\/villiers\/?page_id=9"},"modified":"2023-10-16T10:49:04","modified_gmt":"2023-10-16T08:49:04","slug":"la-grande-ferme-dite-ferme-vandame","status":"publish","type":"page","link":"https:\/\/evangeo.com\/villiers\/la-grande-ferme-dite-ferme-vandame\/","title":{"rendered":"La Grande Ferme dite \u00ab ferme Vandame \u00bb"},"content":{"rendered":"<img decoding=\"async\" style=\"width: 100%\" src=\"https:\/\/evangeo.com\/villiers\/wp-content\/uploads\/2022\/07\/2BD-ferme-Vandame.jpg\">\n<p><em>A l\u2019est de la place de la Mairie (\u00e0 gauche de cette derni\u00e8re), la Grande Ferme ou Ferme Vandame.<\/em><\/p>\n\n\n\n<p><\/p>\n\n\n\n<p>Au Moyen \u00c2ge, la vie de la ferme est li\u00e9e au ch\u00e2teau voisin dont elle est une d\u00e9pendance jusqu\u2019\u00e0 la fin du XXe si\u00e8cle.<\/p>\n\n\n\n<p>La \u00ab Grande Ferme \u00bb conna\u00eet son dernier agrandissement lorsque le ch\u00e2telain rach\u00e8te au XIXe si\u00e8cle la ferme mitoyenne dite \u00ab de Port-Royal \u00bb, qui appartenait jusqu\u2019\u00e0 la R\u00e9volution \u00e0 l\u2019ordre religieux des Dames de Port-Royal. Ses terres limoneuses sont connues pour \u00eatre les plus fertiles de l\u2019Ile-de-France.<\/p>\n\n\n\n<p>La ferme Vandame tire son nom de la famille qui a repris cette exploitation en 1921 avec l\u2019arriv\u00e9e de Louis Vandame originaire du Nord. La g\u00e9n\u00e9ration actuelle s\u2019est convertie \u00e0 une agriculture biologique dont elle offre les produits dans son propre fournil. C\u2019est une agriculture diversifi\u00e9e qui se consacre \u00e0 la culture du bl\u00e9, des triticales (c\u00e9r\u00e9ales), de l\u2019\u00e9peautre, des f\u00e8veroles, du ma\u00efs et de la luzerne.<\/p>\n\n\n\n<p>Il aura fallu 400 ans pour que cette ferme issue d\u2019une mosa\u00efque d\u2019exploitations connaisse sa configuration d\u2019aujourd\u2019hui.<\/p>\n\n\n\n<p>Apr\u00e8s une premi\u00e8re amputation significative en 1949 avec l\u2019installation du CEA, une seconde est en cours avec l\u2019extension du Grand Paris, alors que plus que jamais la pr\u00e9sence de terres fertiles pr\u00e8s des grandes villes participe d\u2019un avenir \u00e9cologique et durable.<\/p>\n\n\n\n<p><\/p>\n\n\n\n<p><\/p>\n","protected":false},"excerpt":{"rendered":"<p>A l\u2019est de la place de la Mairie (\u00e0 gauche de cette derni\u00e8re), la Grande Ferme ou Ferme Vandame. Au Moyen \u00c2ge, la vie de la ferme est li\u00e9e au ch\u00e2teau voisin dont elle&#46;&#46;&#46;<\/p>\n","protected":false},"author":1,"featured_media":709,"parent":0,"menu_order":0,"comment_status":"closed","ping_status":"closed","template":"","meta":{"_acf_changed":false,"footnotes":""},"categories":[],"tags":[],"class_list":["post-9","page","type-page","status-publish","has-post-thumbnail","hentry"],"acf":[],"_links":{"self":[{"href":"https:\/\/evangeo.com\/villiers\/wp-json\/wp\/v2\/pages\/9","targetHints":{"allow":["GET"]}}],"collection":[{"href":"https:\/\/evangeo.com\/villiers\/wp-json\/wp\/v2\/pages"}],"about":[{"href":"https:\/\/evangeo.com\/villiers\/wp-json\/wp\/v2\/types\/page"}],"author":[{"embeddable":true,"href":"https:\/\/evangeo.com\/villiers\/wp-json\/wp\/v2\/users\/1"}],"replies":[{"embeddable":true,"href":"https:\/\/evangeo.com\/villiers\/wp-json\/wp\/v2\/comments?post=9"}],"version-history":[{"count":13,"href":"https:\/\/evangeo.com\/villiers\/wp-json\/wp\/v2\/pages\/9\/revisions"}],"predecessor-version":[{"id":704,"href":"https:\/\/evangeo.com\/villiers\/wp-json\/wp\/v2\/pages\/9\/revisions\/704"}],"wp:featuredmedia":[{"embeddable":true,"href":"https:\/\/evangeo.com\/villiers\/wp-json\/wp\/v2\/media\/709"}],"wp:attachment":[{"href":"https:\/\/evangeo.com\/villiers\/wp-json\/wp\/v2\/media?parent=9"}],"wp:term":[{"taxonomy":"category","embeddable":true,"href":"https:\/\/evangeo.com\/villiers\/wp-json\/wp\/v2\/categories?post=9"},{"taxonomy":"post_tag","embeddable":true,"href":"https:\/\/evangeo.com\/villiers\/wp-json\/wp\/v2\/tags?post=9"}],"curies":[{"name":"wp","href":"https:\/\/api.w.org\/{rel}","templated":true}]}}