{"id":76,"date":"2021-05-10T08:22:13","date_gmt":"2021-05-10T06:22:13","guid":{"rendered":"http:\/\/evangeo.com\/villiers\/la-maison-atelier-de-foujita\/"},"modified":"2023-10-18T14:08:42","modified_gmt":"2023-10-18T12:08:42","slug":"la-maison-atelier-de-foujita","status":"publish","type":"page","link":"https:\/\/evangeo.com\/villiers\/la-maison-atelier-de-foujita\/","title":{"rendered":"La maison-atelier Foujita"},"content":{"rendered":"<img decoding=\"async\" style=\"width: 100%\" src=\"https:\/\/evangeo.com\/villiers\/wp-content\/uploads\/2022\/07\/18BD-maison-atelier-Foujita.jpg\">\n<p><\/p>\n\n\n\n<p><\/p>\n\n\n\n<p>C\u2019est en 1959 que le peintre japonais Yasse Tabuchi fait d\u00e9couvrir \u00e0 son ami L\u00e9onard Foujita une petite maison rurale, situ\u00e9e au 7 route de Gif, principale rue du village.<\/p>\n\n\n\n<p>Datant du XVIIIe si\u00e8cle, la modeste b\u00e2tisse comprend deux logements mitoyens destin\u00e9s aux ouvriers agricoles.<\/p>\n\n\n\n<p>Quasiment en ruine, elle est b\u00e2tie sur un terrain en pente et arbor\u00e9, offrant une vue imprenable sur la vall\u00e9e. S\u00e9duit par le lieu propice \u00e0 sa cr\u00e9ativit\u00e9, l\u2019artiste en fait l\u2019acquisition en octobre 1960 et y entame d\u2019importants travaux qui dureront pr\u00e8s d\u2019une ann\u00e9e.<\/p>\n\n\n\n<p>Il modifie ainsi radicalement le b\u00e2ti pour privil\u00e9gier les ouvertures c\u00f4t\u00e9 jardin. L\u2019\u00e9tage d\u2019habitation initial pourvu d\u2019une salle et sa chemin\u00e9e ainsi que d\u2019une chambre devient une vaste chambre avec salle de bain et un salon.<\/p>\n\n\n\n<p>Les combles sont am\u00e9nag\u00e9s en atelier et la cave est judicieusement transform\u00e9e en cuisine et salle \u00e0 manger. Si depuis la rue, rien ne distingue cette maison des autres, c\u2019est c\u00f4t\u00e9 jardin o\u00f9 la prouesse architecturale est manifeste. Toute la fa\u00e7ade a \u00e9t\u00e9 \u00ab \u00e9ventr\u00e9e \u00bb, laissant place \u00e0 de grandes baies et r\u00e9v\u00e9lant les trois niveaux de la maison.<\/p>\n\n\n\n<p>Tous les travaux ont \u00e9t\u00e9 r\u00e9alis\u00e9s par des artisans locaux d\u2019apr\u00e8s les croquis de l\u2019artiste. Foujita suit le chantier, pr\u00e9cis dans ses demandes jusque dans le moindre d\u00e9tail.<\/p>\n\n\n\n<p>En 1991, la veuve de Foujita a offert ce lieu de m\u00e9moire au Conseil D\u00e9partemental. Depuis septembre 2011, <a href=\"https:\/\/www.essonnetourisme.com\/p\/maison-atelier-foujita\/\" target=\"_blank\" rel=\"noreferrer noopener\">ce lieu incontournable de Villiers-le-B\u00e2cl<\/a>e, prot\u00e9g\u00e9 au titre des monuments historiques, poss\u00e8de le label \u00ab Maisons des Illustres \u00bb d\u00e9cern\u00e9 par le minist\u00e8re de la Culture et de la Communication.<\/p>\n\n\n\n<p><\/p>\n\n\n\n<p><\/p>\n","protected":false},"excerpt":{"rendered":"<p>C\u2019est en 1959 que le peintre japonais Yasse Tabuchi fait d\u00e9couvrir \u00e0 son ami L\u00e9onard Foujita une petite maison rurale, situ\u00e9e au 7 route de Gif, principale rue du village. Datant du XVIIIe si\u00e8cle,&#46;&#46;&#46;<\/p>\n","protected":false},"author":1,"featured_media":736,"parent":0,"menu_order":0,"comment_status":"closed","ping_status":"closed","template":"","meta":{"_acf_changed":false,"footnotes":""},"categories":[19],"tags":[],"class_list":["post-76","page","type-page","status-publish","has-post-thumbnail","hentry","category-page-daccueil"],"acf":[],"_links":{"self":[{"href":"https:\/\/evangeo.com\/villiers\/wp-json\/wp\/v2\/pages\/76","targetHints":{"allow":["GET"]}}],"collection":[{"href":"https:\/\/evangeo.com\/villiers\/wp-json\/wp\/v2\/pages"}],"about":[{"href":"https:\/\/evangeo.com\/villiers\/wp-json\/wp\/v2\/types\/page"}],"author":[{"embeddable":true,"href":"https:\/\/evangeo.com\/villiers\/wp-json\/wp\/v2\/users\/1"}],"replies":[{"embeddable":true,"href":"https:\/\/evangeo.com\/villiers\/wp-json\/wp\/v2\/comments?post=76"}],"version-history":[{"count":13,"href":"https:\/\/evangeo.com\/villiers\/wp-json\/wp\/v2\/pages\/76\/revisions"}],"predecessor-version":[{"id":604,"href":"https:\/\/evangeo.com\/villiers\/wp-json\/wp\/v2\/pages\/76\/revisions\/604"}],"wp:featuredmedia":[{"embeddable":true,"href":"https:\/\/evangeo.com\/villiers\/wp-json\/wp\/v2\/media\/736"}],"wp:attachment":[{"href":"https:\/\/evangeo.com\/villiers\/wp-json\/wp\/v2\/media?parent=76"}],"wp:term":[{"taxonomy":"category","embeddable":true,"href":"https:\/\/evangeo.com\/villiers\/wp-json\/wp\/v2\/categories?post=76"},{"taxonomy":"post_tag","embeddable":true,"href":"https:\/\/evangeo.com\/villiers\/wp-json\/wp\/v2\/tags?post=76"}],"curies":[{"name":"wp","href":"https:\/\/api.w.org\/{rel}","templated":true}]}}