{"id":75,"date":"2021-05-10T08:22:04","date_gmt":"2021-05-10T06:22:04","guid":{"rendered":"http:\/\/evangeo.com\/villiers\/les-quatre-noyers\/"},"modified":"2021-07-21T11:58:40","modified_gmt":"2021-07-21T09:58:40","slug":"les-quatre-noyers","status":"publish","type":"page","link":"https:\/\/evangeo.com\/villiers\/les-quatre-noyers\/","title":{"rendered":"Les Quatre Noyers"},"content":{"rendered":"<img decoding=\"async\" style=\"width: 100%\" src=\"https:\/\/evangeo.com\/villiers\/wp-content\/uploads\/2021\/05\/quatre-noyers.jpg\">\n<p>Au terme d\u2019une longue ligne droite, le chemin bifurque \u00e0 droite pour traverser le village au-dessus de la rigole de Ch\u00e2teaufort, qui devient souterraine pour ne refaire son apparition \u00e0 l\u2019air libre qu\u2019au niveau du chemin de l\u2019Eglise.\u00a0 Le chemin \u00e0 cet endroit se transforme en all\u00e9e arbor\u00e9e qui s\u00e9pare le quartier du Bel Air \u00e0 droite, du quartier des Quatre Noyers \u00e0 gauche.  La croissance de la construction s\u2019est en effet poursuivie apr\u00e8s 1988 avec l\u2019\u00e9dification de la r\u00e9sidence Alain Charvier, route de Gif, la mise en \u0153uvre de la ZAC des Quatre Noyers, \u00e0 l\u2019entr\u00e9e nord du territoire, et l\u2019op\u00e9ration de la Fontaine des Tilleuls (ensemble de logements collectifs construit en face de la Grande Ferme, place de la Mairie).<\/p>\n\n\n\n<p>L\u2019all\u00e9e arbor\u00e9e continue vers l\u2019\u00e9cole puis encore au-del\u00e0 jusqu\u2019\u00e0 la place de la Mairie. Arriv\u00e9 sur le rond-point a proximit\u00e9 de l\u2019\u00e9cole, quitter l\u2019all\u00e9e par la droite pour rejoindre la route de Gif-sur-Yvette avant de bifurquer imm\u00e9diatement sur la gauche et de se retrouver apr\u00e8s quelques pas face \u00e0 la maison Foujita. <\/p>\n","protected":false},"excerpt":{"rendered":"<p>Au terme d\u2019une longue ligne droite, le chemin bifurque \u00e0 droite pour traverser le village au-dessus de la rigole de Ch\u00e2teaufort, qui devient souterraine pour ne refaire son apparition \u00e0 l\u2019air libre qu\u2019au niveau&#46;&#46;&#46;<\/p>\n","protected":false},"author":1,"featured_media":270,"parent":0,"menu_order":0,"comment_status":"closed","ping_status":"closed","template":"","meta":{"_acf_changed":false,"footnotes":""},"categories":[],"tags":[],"class_list":["post-75","page","type-page","status-publish","has-post-thumbnail","hentry"],"acf":[],"_links":{"self":[{"href":"https:\/\/evangeo.com\/villiers\/wp-json\/wp\/v2\/pages\/75","targetHints":{"allow":["GET"]}}],"collection":[{"href":"https:\/\/evangeo.com\/villiers\/wp-json\/wp\/v2\/pages"}],"about":[{"href":"https:\/\/evangeo.com\/villiers\/wp-json\/wp\/v2\/types\/page"}],"author":[{"embeddable":true,"href":"https:\/\/evangeo.com\/villiers\/wp-json\/wp\/v2\/users\/1"}],"replies":[{"embeddable":true,"href":"https:\/\/evangeo.com\/villiers\/wp-json\/wp\/v2\/comments?post=75"}],"version-history":[{"count":4,"href":"https:\/\/evangeo.com\/villiers\/wp-json\/wp\/v2\/pages\/75\/revisions"}],"predecessor-version":[{"id":336,"href":"https:\/\/evangeo.com\/villiers\/wp-json\/wp\/v2\/pages\/75\/revisions\/336"}],"wp:featuredmedia":[{"embeddable":true,"href":"https:\/\/evangeo.com\/villiers\/wp-json\/wp\/v2\/media\/270"}],"wp:attachment":[{"href":"https:\/\/evangeo.com\/villiers\/wp-json\/wp\/v2\/media?parent=75"}],"wp:term":[{"taxonomy":"category","embeddable":true,"href":"https:\/\/evangeo.com\/villiers\/wp-json\/wp\/v2\/categories?post=75"},{"taxonomy":"post_tag","embeddable":true,"href":"https:\/\/evangeo.com\/villiers\/wp-json\/wp\/v2\/tags?post=75"}],"curies":[{"name":"wp","href":"https:\/\/api.w.org\/{rel}","templated":true}]}}