{"id":74,"date":"2021-05-10T08:21:59","date_gmt":"2021-05-10T06:21:59","guid":{"rendered":"http:\/\/evangeo.com\/villiers\/le-bel-air\/"},"modified":"2023-10-16T10:49:43","modified_gmt":"2023-10-16T08:49:43","slug":"le-bel-air","status":"publish","type":"page","link":"https:\/\/evangeo.com\/villiers\/le-bel-air\/","title":{"rendered":"Le Bel Air"},"content":{"rendered":"<img decoding=\"async\" style=\"width: 100%\" src=\"https:\/\/evangeo.com\/villiers\/wp-content\/uploads\/2022\/07\/16BD-Bel-Air.jpg\">\n<p><\/p>\n\n\n\n<p>Initi\u00e9 en 1973 par Jean David maire de 1959 \u00e0 1981, ce projet de construction d\u2019un lotissement \u00e0 vocation sociale pour loger, entre autres, les enfants du village, fut suivi notamment par Madame Anne Vandame et Monsieur Gilbert Lannoix, tous deux adjoints. Il vit le jour en 1976, apr\u00e8s maintes p\u00e9rip\u00e9ties administratives.&nbsp;&nbsp;<\/p>\n\n\n\n<p>En 1976, ce sont plus de 140 familles qui s\u2019install\u00e8rent dans le lotissement du Bel Air \u00e0 Villiers-le-B\u00e2cle, faisant passer la population de 225 \u00e0 plus de 700 habitants.&nbsp;<\/p>\n\n\n\n<p>Une \u00e9cole constitu\u00e9e de 4 classes en \u00e9l\u00e9mentaire et 2 en maternelle, avec cantine et garderie, fut construite pour la rentr\u00e9e de septembre 1976, avec \u00e0 la cl\u00e9 de nombreuses embauches de personnel parmi les habitants du village.&nbsp;&nbsp;<\/p>\n\n\n\n<p>Il fut aussi d\u00e9cid\u00e9 la cr\u00e9ation d\u2019un centre a\u00e9r\u00e9 utilisable dans la journ\u00e9e par les \u00e9coles, dans l\u2019enceinte de la ferme situ\u00e9e en face du lotissement et r\u00e9cemment acquise par la commune : ainsi naquit la ferme p\u00e9dagogique du Bel-Air que nous connaissons encore aujourd\u2019hui.&nbsp;<\/p>\n\n\n\n<p><\/p>\n\n\n\n<p><\/p>\n","protected":false},"excerpt":{"rendered":"<p>Initi\u00e9 en 1973 par Jean David maire de 1959 \u00e0 1981, ce projet de construction d\u2019un lotissement \u00e0 vocation sociale pour loger, entre autres, les enfants du village, fut suivi notamment par Madame Anne&#46;&#46;&#46;<\/p>\n","protected":false},"author":1,"featured_media":739,"parent":0,"menu_order":0,"comment_status":"closed","ping_status":"closed","template":"","meta":{"_acf_changed":false,"footnotes":""},"categories":[],"tags":[],"class_list":["post-74","page","type-page","status-publish","has-post-thumbnail","hentry"],"acf":[],"_links":{"self":[{"href":"https:\/\/evangeo.com\/villiers\/wp-json\/wp\/v2\/pages\/74","targetHints":{"allow":["GET"]}}],"collection":[{"href":"https:\/\/evangeo.com\/villiers\/wp-json\/wp\/v2\/pages"}],"about":[{"href":"https:\/\/evangeo.com\/villiers\/wp-json\/wp\/v2\/types\/page"}],"author":[{"embeddable":true,"href":"https:\/\/evangeo.com\/villiers\/wp-json\/wp\/v2\/users\/1"}],"replies":[{"embeddable":true,"href":"https:\/\/evangeo.com\/villiers\/wp-json\/wp\/v2\/comments?post=74"}],"version-history":[{"count":9,"href":"https:\/\/evangeo.com\/villiers\/wp-json\/wp\/v2\/pages\/74\/revisions"}],"predecessor-version":[{"id":605,"href":"https:\/\/evangeo.com\/villiers\/wp-json\/wp\/v2\/pages\/74\/revisions\/605"}],"wp:featuredmedia":[{"embeddable":true,"href":"https:\/\/evangeo.com\/villiers\/wp-json\/wp\/v2\/media\/739"}],"wp:attachment":[{"href":"https:\/\/evangeo.com\/villiers\/wp-json\/wp\/v2\/media?parent=74"}],"wp:term":[{"taxonomy":"category","embeddable":true,"href":"https:\/\/evangeo.com\/villiers\/wp-json\/wp\/v2\/categories?post=74"},{"taxonomy":"post_tag","embeddable":true,"href":"https:\/\/evangeo.com\/villiers\/wp-json\/wp\/v2\/tags?post=74"}],"curies":[{"name":"wp","href":"https:\/\/api.w.org\/{rel}","templated":true}]}}