{"id":73,"date":"2021-05-10T08:21:46","date_gmt":"2021-05-10T06:21:46","guid":{"rendered":"http:\/\/evangeo.com\/villiers\/le-moulin-des-vasseaux\/"},"modified":"2023-10-16T10:50:32","modified_gmt":"2023-10-16T08:50:32","slug":"le-moulin-des-vasseaux","status":"publish","type":"page","link":"https:\/\/evangeo.com\/villiers\/le-moulin-des-vasseaux\/","title":{"rendered":"Le moulin des Vassaux"},"content":{"rendered":"<img decoding=\"async\" style=\"width: 100%\" src=\"https:\/\/evangeo.com\/villiers\/wp-content\/uploads\/2022\/07\/14BD-moulin-des-Vassaux.jpg\">\n<p><\/p>\n\n\n\n<p><\/p>\n\n\n\n<p>L\u2019un des sept moulins mis en service sur la M\u00e9rantaise \u00e0 la fin du Moyen \u00c2ge, le moulin des Vassaux est connu depuis 1399, o\u00f9 Jean de la Suze l\u2019exploitait pour 3 sols de cens. Il est \u00e0 nouveau mentionn\u00e9 en 1521, date \u00e0 laquelle il rel\u00e8ve de la seigneurie de Magny-l\u2019Essart (Magny-les-Hameaux).&nbsp;<\/p>\n\n\n\n<p>A l\u2019est, une pi\u00e8ce semi-enterr\u00e9e couverte d\u2019une vo\u00fbte en berceau et \u00e9paul\u00e9e par quatre contreforts contenait les meules du moulin, directement li\u00e9es \u00e0 la roue. Celle-ci \u00e9tait mue par le bief d\u00e9riv\u00e9 que l\u2019on peut encore observer : la chenalisation en hauteur permettant d\u2019augmenter la vitesse d\u2019\u00e9coulement de l\u2019eau et d\u2019entra\u00eener la machine. Le logis \u00e9lev\u00e9 est, lui, caract\u00e9ristique des moulins de la r\u00e9gion.&nbsp;&nbsp;<\/p>\n\n\n\n<p>\u00c0 la fin du XIX<sup>e<\/sup> si\u00e8cle, l\u2019ensemble devient un haras et ce jusque dans les ann\u00e9es 1930 o\u00f9 le moulin est la propri\u00e9t\u00e9 du marquis Dimitri de Basily, \u00e9leveur de chevaux de polo. Lui et son \u00e9pouse vivent avec de nombreux animaux sauvages en semi-libert\u00e9 : deux boas, un puma, un ocelot et deux singes. Un groupe de crocodiles doit rejoindre cette m\u00e9nagerie, mais le convoi meurt en gare de Massy-Palaiseau.&nbsp;&nbsp;<\/p>\n\n\n\n<p>Pendant de nombreuses ann\u00e9es, les d\u00e9pouilles des reptiles ont \u00e9t\u00e9 entrepos\u00e9es dans la cave situ\u00e9e en bord de chemin derri\u00e8re les \u00e9curies, suscitant la frayeur des promeneurs.&nbsp;&nbsp;<\/p>\n\n\n\n<p>Longtemps abandonn\u00e9, le moulin des Vassaux est d\u00e9sormais pr\u00e9serv\u00e9 gr\u00e2ce \u00e0 une restauration r\u00e9cente.&nbsp;<\/p>\n\n\n\n<p><\/p>\n\n\n\n<p><\/p>\n\n\n\n<p><\/p>\n","protected":false},"excerpt":{"rendered":"<p>L\u2019un des sept moulins mis en service sur la M\u00e9rantaise \u00e0 la fin du Moyen \u00c2ge, le moulin des Vassaux est connu depuis 1399, o\u00f9 Jean de la Suze l\u2019exploitait pour 3 sols de&#46;&#46;&#46;<\/p>\n","protected":false},"author":1,"featured_media":737,"parent":0,"menu_order":0,"comment_status":"closed","ping_status":"closed","template":"","meta":{"_acf_changed":false,"footnotes":""},"categories":[],"tags":[37],"class_list":["post-73","page","type-page","status-publish","has-post-thumbnail","hentry","tag-decouverte-villiers-circuit-1"],"acf":[],"_links":{"self":[{"href":"https:\/\/evangeo.com\/villiers\/wp-json\/wp\/v2\/pages\/73","targetHints":{"allow":["GET"]}}],"collection":[{"href":"https:\/\/evangeo.com\/villiers\/wp-json\/wp\/v2\/pages"}],"about":[{"href":"https:\/\/evangeo.com\/villiers\/wp-json\/wp\/v2\/types\/page"}],"author":[{"embeddable":true,"href":"https:\/\/evangeo.com\/villiers\/wp-json\/wp\/v2\/users\/1"}],"replies":[{"embeddable":true,"href":"https:\/\/evangeo.com\/villiers\/wp-json\/wp\/v2\/comments?post=73"}],"version-history":[{"count":9,"href":"https:\/\/evangeo.com\/villiers\/wp-json\/wp\/v2\/pages\/73\/revisions"}],"predecessor-version":[{"id":607,"href":"https:\/\/evangeo.com\/villiers\/wp-json\/wp\/v2\/pages\/73\/revisions\/607"}],"wp:featuredmedia":[{"embeddable":true,"href":"https:\/\/evangeo.com\/villiers\/wp-json\/wp\/v2\/media\/737"}],"wp:attachment":[{"href":"https:\/\/evangeo.com\/villiers\/wp-json\/wp\/v2\/media?parent=73"}],"wp:term":[{"taxonomy":"category","embeddable":true,"href":"https:\/\/evangeo.com\/villiers\/wp-json\/wp\/v2\/categories?post=73"},{"taxonomy":"post_tag","embeddable":true,"href":"https:\/\/evangeo.com\/villiers\/wp-json\/wp\/v2\/tags?post=73"}],"curies":[{"name":"wp","href":"https:\/\/api.w.org\/{rel}","templated":true}]}}