{"id":72,"date":"2021-05-10T08:21:40","date_gmt":"2021-05-10T06:21:40","guid":{"rendered":"http:\/\/evangeo.com\/villiers\/les-carrieres-de-gres\/"},"modified":"2023-10-16T10:49:55","modified_gmt":"2023-10-16T08:49:55","slug":"les-carrieres-de-gres","status":"publish","type":"page","link":"https:\/\/evangeo.com\/villiers\/les-carrieres-de-gres\/","title":{"rendered":"Le bois des Grais"},"content":{"rendered":"<img decoding=\"async\" style=\"width: 100%\" src=\"https:\/\/evangeo.com\/villiers\/wp-content\/uploads\/2022\/07\/13BD-bois-des-Grais.jpg\">\n<p><\/p>\n\n\n\n<p>Une petite industrie d\u2019extraction de gr\u00e8s fournissait au XVIII<sup>e <\/sup>si\u00e8cle un travail d\u2019appoint aux hommes du village, dans les carri\u00e8res \u00e0 ciel ouvert du Bois des Grais, du Fond de la Cure et du Bois des Roches, surplombant la vall\u00e9e de la M\u00e9rantaise.&nbsp;<\/p>\n\n\n\n<p>La teinte grise du gr\u00e8s que l\u2019on y exploitait, ainsi que sa duret\u00e9, en ont fait un mat\u00e9riau privil\u00e9gi\u00e9 pour le pavage de la voirie parisienne \u00e0 partir de 1750. Aux alentours de 1860, Villers-le-B\u00e2cle produit 70 000 pav\u00e9s par an, sans machine ni moteur, l\u2019abattage se pratiquant \u00e0 la mine, avec des charges de poudre explosive.&nbsp;&nbsp;<\/p>\n\n\n\n<p>Une ordonnance royale exige m\u00eame l\u2019abandon de l\u2019utilisation des pav\u00e9s de Fontainebleau au profit de ceux en gr\u00e8s de l\u2019Yvette, de bien meilleure qualit\u00e9 malgr\u00e9 un co\u00fbt \u00e9lev\u00e9 d\u00fb au transport.&nbsp;<\/p>\n","protected":false},"excerpt":{"rendered":"<p>Une petite industrie d\u2019extraction de gr\u00e8s fournissait au XVIIIe si\u00e8cle un travail d\u2019appoint aux hommes du village, dans les carri\u00e8res \u00e0 ciel ouvert du Bois des Grais, du Fond de la Cure et du&#46;&#46;&#46;<\/p>\n","protected":false},"author":1,"featured_media":728,"parent":0,"menu_order":0,"comment_status":"closed","ping_status":"closed","template":"","meta":{"_acf_changed":false,"footnotes":""},"categories":[],"tags":[],"class_list":["post-72","page","type-page","status-publish","has-post-thumbnail","hentry"],"acf":[],"_links":{"self":[{"href":"https:\/\/evangeo.com\/villiers\/wp-json\/wp\/v2\/pages\/72","targetHints":{"allow":["GET"]}}],"collection":[{"href":"https:\/\/evangeo.com\/villiers\/wp-json\/wp\/v2\/pages"}],"about":[{"href":"https:\/\/evangeo.com\/villiers\/wp-json\/wp\/v2\/types\/page"}],"author":[{"embeddable":true,"href":"https:\/\/evangeo.com\/villiers\/wp-json\/wp\/v2\/users\/1"}],"replies":[{"embeddable":true,"href":"https:\/\/evangeo.com\/villiers\/wp-json\/wp\/v2\/comments?post=72"}],"version-history":[{"count":10,"href":"https:\/\/evangeo.com\/villiers\/wp-json\/wp\/v2\/pages\/72\/revisions"}],"predecessor-version":[{"id":729,"href":"https:\/\/evangeo.com\/villiers\/wp-json\/wp\/v2\/pages\/72\/revisions\/729"}],"wp:featuredmedia":[{"embeddable":true,"href":"https:\/\/evangeo.com\/villiers\/wp-json\/wp\/v2\/media\/728"}],"wp:attachment":[{"href":"https:\/\/evangeo.com\/villiers\/wp-json\/wp\/v2\/media?parent=72"}],"wp:term":[{"taxonomy":"category","embeddable":true,"href":"https:\/\/evangeo.com\/villiers\/wp-json\/wp\/v2\/categories?post=72"},{"taxonomy":"post_tag","embeddable":true,"href":"https:\/\/evangeo.com\/villiers\/wp-json\/wp\/v2\/tags?post=72"}],"curies":[{"name":"wp","href":"https:\/\/api.w.org\/{rel}","templated":true}]}}