{"id":71,"date":"2021-05-10T08:21:35","date_gmt":"2021-05-10T06:21:35","guid":{"rendered":"http:\/\/evangeo.com\/villiers\/le-moulin-neuf-meuliere-et-enduit\/"},"modified":"2023-10-16T10:50:38","modified_gmt":"2023-10-16T08:50:38","slug":"le-moulin-neuf-meuliere-et-enduit","status":"publish","type":"page","link":"https:\/\/evangeo.com\/villiers\/le-moulin-neuf-meuliere-et-enduit\/","title":{"rendered":"Le Moulin Neuf"},"content":{"rendered":"<img decoding=\"async\" style=\"width: 100%\" src=\"https:\/\/evangeo.com\/villiers\/wp-content\/uploads\/2022\/07\/12BD-Moulin-Neuf.jpg\">\n<p><\/p>\n\n\n\n<p>Propri\u00e9t\u00e9 du seigneur de Villiers, le Moulin Neuf, mentionn\u00e9 d\u00e8s 1403, tourne en aval de celui des Vassaux.&nbsp;&nbsp;<\/p>\n\n\n\n<p>Apr\u00e8s une longue interruption pendant la guerre de Cent Ans, il fonctionne \u00e0 nouveau, associ\u00e9 \u00e0 une dizaine d\u2019arpents environn\u00e9s de foss\u00e9s. En pleine Fronde, il est en mauvais \u00e9tat.&nbsp;&nbsp;<\/p>\n\n\n\n<p>En 1669, une femme nomm\u00e9e Charlotte Roglin signe un bail pour 660 livres, 16 chapons et une poule par an sur 9 ans.&nbsp;<\/p>\n\n\n\n<p>Vers 1890, d\u00e9saffect\u00e9, il sert de maison de repos aux chevaux des omnibus de Paris.&nbsp; Aujourd\u2019hui, il accueille toujours des chevaux apr\u00e8s avoir servi de centre d\u2019essai pour Massey-Ferguson.&nbsp;<\/p>\n\n\n\n<p>Un b\u00e9lier hydraulique existe encore dans une pi\u00e8ce adjacente \u00e0 la maison d\u2019habitation. Cette machinerie \u00e9cologique avant l\u2019heure (invent\u00e9e en 1792 par Joseph Montgolfier qui, quelques ann\u00e9es plus t\u00f4t, fit voler le premier ballon \u00e0 air chaud) fonctionne de fa\u00e7on autonome, sans aucune autre \u00e9nergie que celle de l\u2019eau capt\u00e9e.&nbsp;<\/p>\n\n\n\n<p>Le b\u00e9lier utilisait l\u2019\u00e9nergie du courant de la M\u00e9rantaise pour pomper l\u2019eau de source, qui pouvait monter jusqu\u2019\u00e0 un r\u00e9servoir situ\u00e9 \u00e0 proximit\u00e9 du ch\u00e2teau pour l\u2019alimenter en eau, ainsi que la ferme et la citerne toujours visible sur de la place du village.&nbsp;<\/p>\n\n\n\n<p>C\u2019est en quelque sorte le premier \u00ab ch\u00e2teau d\u2019eau \u00bb de Villiers-le-B\u00e2cle !\u00a0<\/p>\n\n\n\n<figure class=\"wp-block-image alignwide size-large\"><img loading=\"lazy\" decoding=\"async\" width=\"640\" height=\"428\" src=\"https:\/\/evangeo.com\/villiers\/wp-content\/uploads\/2021\/05\/EG1_03651.jpg\" alt=\"\" class=\"wp-image-120\" srcset=\"https:\/\/evangeo.com\/villiers\/wp-content\/uploads\/2021\/05\/EG1_03651.jpg 640w, https:\/\/evangeo.com\/villiers\/wp-content\/uploads\/2021\/05\/EG1_03651-300x201.jpg 300w, https:\/\/evangeo.com\/villiers\/wp-content\/uploads\/2021\/05\/EG1_03651-90x60.jpg 90w, https:\/\/evangeo.com\/villiers\/wp-content\/uploads\/2021\/05\/EG1_03651-420x280.jpg 420w\" sizes=\"auto, (max-width: 640px) 100vw, 640px\" \/><\/figure>\n","protected":false},"excerpt":{"rendered":"<p>Propri\u00e9t\u00e9 du seigneur de Villiers, le Moulin Neuf, mentionn\u00e9 d\u00e8s 1403, tourne en aval de celui des Vassaux.&nbsp;&nbsp; Apr\u00e8s une longue interruption pendant la guerre de Cent Ans, il fonctionne \u00e0 nouveau, associ\u00e9 \u00e0&#46;&#46;&#46;<\/p>\n","protected":false},"author":1,"featured_media":725,"parent":0,"menu_order":0,"comment_status":"closed","ping_status":"closed","template":"","meta":{"_acf_changed":false,"footnotes":""},"categories":[],"tags":[],"class_list":["post-71","page","type-page","status-publish","has-post-thumbnail","hentry"],"acf":[],"_links":{"self":[{"href":"https:\/\/evangeo.com\/villiers\/wp-json\/wp\/v2\/pages\/71","targetHints":{"allow":["GET"]}}],"collection":[{"href":"https:\/\/evangeo.com\/villiers\/wp-json\/wp\/v2\/pages"}],"about":[{"href":"https:\/\/evangeo.com\/villiers\/wp-json\/wp\/v2\/types\/page"}],"author":[{"embeddable":true,"href":"https:\/\/evangeo.com\/villiers\/wp-json\/wp\/v2\/users\/1"}],"replies":[{"embeddable":true,"href":"https:\/\/evangeo.com\/villiers\/wp-json\/wp\/v2\/comments?post=71"}],"version-history":[{"count":15,"href":"https:\/\/evangeo.com\/villiers\/wp-json\/wp\/v2\/pages\/71\/revisions"}],"predecessor-version":[{"id":745,"href":"https:\/\/evangeo.com\/villiers\/wp-json\/wp\/v2\/pages\/71\/revisions\/745"}],"wp:featuredmedia":[{"embeddable":true,"href":"https:\/\/evangeo.com\/villiers\/wp-json\/wp\/v2\/media\/725"}],"wp:attachment":[{"href":"https:\/\/evangeo.com\/villiers\/wp-json\/wp\/v2\/media?parent=71"}],"wp:term":[{"taxonomy":"category","embeddable":true,"href":"https:\/\/evangeo.com\/villiers\/wp-json\/wp\/v2\/categories?post=71"},{"taxonomy":"post_tag","embeddable":true,"href":"https:\/\/evangeo.com\/villiers\/wp-json\/wp\/v2\/tags?post=71"}],"curies":[{"name":"wp","href":"https:\/\/api.w.org\/{rel}","templated":true}]}}