{"id":7,"date":"2021-05-07T13:45:15","date_gmt":"2021-05-07T11:45:15","guid":{"rendered":"http:\/\/evangeo.com\/villiers\/?page_id=7"},"modified":"2023-10-18T14:04:02","modified_gmt":"2023-10-18T12:04:02","slug":"la-place-de-la-mairie","status":"publish","type":"page","link":"https:\/\/evangeo.com\/villiers\/la-place-de-la-mairie\/","title":{"rendered":"La place de la mairie"},"content":{"rendered":"<img decoding=\"async\" style=\"width: 100%\" src=\"https:\/\/evangeo.com\/villiers\/wp-content\/uploads\/2022\/06\/1BD-place-mairie.jpg\">\n<p>La mairie est install\u00e9e en 1855 dans une maison de bourg situ\u00e9e \u00e0 l\u2019angle de la place principale et s\u2019agrandit en 1868 d\u2019une annexe plus basse destin\u00e9e \u00e0 accueillir une salle de classe mixte.<\/p>\n\n\n\n<p>En 1899, la place est un grand espace gazonn\u00e9 d\u2019un demi-hectare environ, avec un peuplier magnifique au milieu. Elle est entour\u00e9e par la mairie-\u00e9cole et une forge devenue auberge au sud, une ferme \u00e0 l\u2019est, l\u2019auberge Bardelet au nord et une maison \u00e0 l\u2019ouest. Des rails traversent la place pour le charriement des betteraves vers la grande ferme o\u00f9 une distillerie a \u00e9t\u00e9 install\u00e9e en 1866.<\/p>\n\n\n\n<p>Un peu plus loin, des maisons de ch\u00e9tive apparence, pour la plupart en rez-de-chauss\u00e9e et regroup\u00e9es le long de la route \u00ab&nbsp;de Versailles \u00e0 Gif&nbsp;\u00bb, abritent plusieurs foyers d\u2019ouvriers agricoles qui travaillent \u00e0 la Grande Ferme voisine.<\/p>\n\n\n\n<p>L\u2019absence d\u2019alignement sur rue et la disposition anarchique de leurs ouvertures traduisent leur anciennet\u00e9. L\u2019une de ces maisons rurales a \u00e9t\u00e9 achet\u00e9e par le peintre Foujita en 1960.<\/p>\n\n\n\n<p><\/p>\n","protected":false},"excerpt":{"rendered":"<p>La mairie est install\u00e9e en 1855 dans une maison de bourg situ\u00e9e \u00e0 l\u2019angle de la place principale et s\u2019agrandit en 1868 d\u2019une annexe plus basse destin\u00e9e \u00e0 accueillir une salle de classe mixte.&#46;&#46;&#46;<\/p>\n","protected":false},"author":1,"featured_media":690,"parent":0,"menu_order":0,"comment_status":"closed","ping_status":"closed","template":"","meta":{"_acf_changed":false,"footnotes":""},"categories":[],"tags":[],"class_list":["post-7","page","type-page","status-publish","has-post-thumbnail","hentry"],"acf":[],"_links":{"self":[{"href":"https:\/\/evangeo.com\/villiers\/wp-json\/wp\/v2\/pages\/7","targetHints":{"allow":["GET"]}}],"collection":[{"href":"https:\/\/evangeo.com\/villiers\/wp-json\/wp\/v2\/pages"}],"about":[{"href":"https:\/\/evangeo.com\/villiers\/wp-json\/wp\/v2\/types\/page"}],"author":[{"embeddable":true,"href":"https:\/\/evangeo.com\/villiers\/wp-json\/wp\/v2\/users\/1"}],"replies":[{"embeddable":true,"href":"https:\/\/evangeo.com\/villiers\/wp-json\/wp\/v2\/comments?post=7"}],"version-history":[{"count":16,"href":"https:\/\/evangeo.com\/villiers\/wp-json\/wp\/v2\/pages\/7\/revisions"}],"predecessor-version":[{"id":752,"href":"https:\/\/evangeo.com\/villiers\/wp-json\/wp\/v2\/pages\/7\/revisions\/752"}],"wp:featuredmedia":[{"embeddable":true,"href":"https:\/\/evangeo.com\/villiers\/wp-json\/wp\/v2\/media\/690"}],"wp:attachment":[{"href":"https:\/\/evangeo.com\/villiers\/wp-json\/wp\/v2\/media?parent=7"}],"wp:term":[{"taxonomy":"category","embeddable":true,"href":"https:\/\/evangeo.com\/villiers\/wp-json\/wp\/v2\/categories?post=7"},{"taxonomy":"post_tag","embeddable":true,"href":"https:\/\/evangeo.com\/villiers\/wp-json\/wp\/v2\/tags?post=7"}],"curies":[{"name":"wp","href":"https:\/\/api.w.org\/{rel}","templated":true}]}}