{"id":69,"date":"2021-05-10T08:21:18","date_gmt":"2021-05-10T06:21:18","guid":{"rendered":"http:\/\/evangeo.com\/villiers\/le-marais-de-la-vallee-bonnard\/"},"modified":"2023-10-16T10:50:11","modified_gmt":"2023-10-16T08:50:11","slug":"le-marais-de-la-vallee-bonnard","status":"publish","type":"page","link":"https:\/\/evangeo.com\/villiers\/le-marais-de-la-vallee-bonnard\/","title":{"rendered":"Le marais de la Vall\u00e9e Bonnard"},"content":{"rendered":"<img decoding=\"async\" style=\"width: 100%\" src=\"https:\/\/evangeo.com\/villiers\/wp-content\/uploads\/2022\/07\/10BD-marais.jpg\">\n<p><\/p>\n\n\n\n<p>La vall\u00e9e Bonnard a longtemps \u00e9t\u00e9 un lieu de p\u00e2turage du village de Villiers-le-B\u00e2cle. Au XXe si\u00e8cle, le paysage que vous avez sous les yeux se pr\u00e9sente comme une vaste prairie o\u00f9 paissent vaches et chevaux, les coteaux \u00e9tant occup\u00e9s par la culture de la fraise et de la violette.&nbsp;&nbsp;<\/p>\n\n\n\n<p>En 1999, le marais Bonnard est acquis par la commune de Villiers. Situ\u00e9 entre la for\u00eat d\u00e9partementale de la T\u00eate Ronde et le massif forestier communal de Saint-Aubin, cet espace remarquable est int\u00e9gr\u00e9 depuis 1976 dans le site class\u00e9 de la Vall\u00e9e de la M\u00e9rantaise et il est inclus dans la Zone Naturelle Faunistique et Floristique (ZNIEFF) de la Vall\u00e9e de l\u2019Yvette Aval.&nbsp;&nbsp;&nbsp;<\/p>\n\n\n\n<p>Depuis 1994, le marais figure \u00e9galement au recensement d\u00e9partemental des Espaces Naturels Sensibles (ENS).&nbsp;&nbsp;<\/p>\n\n\n\n<p>Le d\u00e9veloppement des arbres de la p\u00e9riph\u00e9rie vers le centre du marais menace ce milieu prot\u00e9g\u00e9. Afin de le restaurer et le pr\u00e9server, la commune, le conseil d\u00e9partemental, le Syndicat Intercommunal pour l\u2019Am\u00e9nagement Hydraulique de la Vall\u00e9e de l\u2019Yvette (SIAVHY) ainsi que deux associations sp\u00e9cialis\u00e9es dans la faune (CAES du CNRS) et la flore (Les Herbes Sauvages) ont sign\u00e9 une convention pluriannuelle.&nbsp;&nbsp;&nbsp;<\/p>\n\n\n\n<p>C\u2019est dans ce cadre que sont r\u00e9alis\u00e9s des travaux d\u2019entretien, des recensements faunistiques et floristiques ainsi que des actions en faveur de l\u2019acc\u00e8s et l\u2019information du public.&nbsp;&nbsp;&nbsp;<\/p>\n\n\n\n<p><\/p>\n","protected":false},"excerpt":{"rendered":"<p>La vall\u00e9e Bonnard a longtemps \u00e9t\u00e9 un lieu de p\u00e2turage du village de Villiers-le-B\u00e2cle. Au XXe si\u00e8cle, le paysage que vous avez sous les yeux se pr\u00e9sente comme une vaste prairie o\u00f9 paissent vaches&#46;&#46;&#46;<\/p>\n","protected":false},"author":1,"featured_media":723,"parent":0,"menu_order":0,"comment_status":"closed","ping_status":"closed","template":"","meta":{"_acf_changed":false,"footnotes":""},"categories":[],"tags":[],"class_list":["post-69","page","type-page","status-publish","has-post-thumbnail","hentry"],"acf":[],"_links":{"self":[{"href":"https:\/\/evangeo.com\/villiers\/wp-json\/wp\/v2\/pages\/69","targetHints":{"allow":["GET"]}}],"collection":[{"href":"https:\/\/evangeo.com\/villiers\/wp-json\/wp\/v2\/pages"}],"about":[{"href":"https:\/\/evangeo.com\/villiers\/wp-json\/wp\/v2\/types\/page"}],"author":[{"embeddable":true,"href":"https:\/\/evangeo.com\/villiers\/wp-json\/wp\/v2\/users\/1"}],"replies":[{"embeddable":true,"href":"https:\/\/evangeo.com\/villiers\/wp-json\/wp\/v2\/comments?post=69"}],"version-history":[{"count":10,"href":"https:\/\/evangeo.com\/villiers\/wp-json\/wp\/v2\/pages\/69\/revisions"}],"predecessor-version":[{"id":740,"href":"https:\/\/evangeo.com\/villiers\/wp-json\/wp\/v2\/pages\/69\/revisions\/740"}],"wp:featuredmedia":[{"embeddable":true,"href":"https:\/\/evangeo.com\/villiers\/wp-json\/wp\/v2\/media\/723"}],"wp:attachment":[{"href":"https:\/\/evangeo.com\/villiers\/wp-json\/wp\/v2\/media?parent=69"}],"wp:term":[{"taxonomy":"category","embeddable":true,"href":"https:\/\/evangeo.com\/villiers\/wp-json\/wp\/v2\/categories?post=69"},{"taxonomy":"post_tag","embeddable":true,"href":"https:\/\/evangeo.com\/villiers\/wp-json\/wp\/v2\/tags?post=69"}],"curies":[{"name":"wp","href":"https:\/\/api.w.org\/{rel}","templated":true}]}}