{"id":68,"date":"2021-05-10T08:21:12","date_gmt":"2021-05-10T06:21:12","guid":{"rendered":"http:\/\/evangeo.com\/villiers\/les-maisons-rurales-au-canal\/"},"modified":"2023-10-16T10:51:15","modified_gmt":"2023-10-16T08:51:15","slug":"les-maisons-rurales-au-canal","status":"publish","type":"page","link":"https:\/\/evangeo.com\/villiers\/les-maisons-rurales-au-canal\/","title":{"rendered":"Les maisons rurales du Canal"},"content":{"rendered":"<img decoding=\"async\" style=\"width: 100%\" src=\"https:\/\/evangeo.com\/villiers\/wp-content\/uploads\/2022\/07\/9BD-Canal.jpg\">\n<p><\/p>\n\n\n\n<p>Mentionn\u00e9 pour la premi\u00e8re fois aux XVe et XVIe si\u00e8cles, le Canal, expos\u00e9 au soleil \u00e0 la base des sables, ne compte qu&rsquo;un toit jusqu&rsquo;en 1778.  En dessous se trouvent des pr\u00e9s et, au-dessus, de maigres c\u00e9r\u00e9ales.  A partir du XIXe&nbsp;si\u00e8cle, le Canal regroupe cinq maisons de type bloc \u00e0 terre, accol\u00e9es par leurs murs-pignons. Suite au phyllox\u00e9ra, la culture de la vigne est remplac\u00e9e \u00e0 la fin du XIe si\u00e8cle par celles de la violette et de la fraise sur les pentes douces du Canal et de La Fontaine Billehou. <\/p>\n\n\n\n<p>Au d\u00e9but du XXe&nbsp;si\u00e8cle, les petites exploitations de la vall\u00e9e ont bien du mal \u00e0 survivre car leurs sols, \u00e9puis\u00e9s par la monoculture intensive, n\u2019apportent plus que des rendements insignifiants.  Certaines se reconvertissent alors dans l\u2019\u00e9levage et se tournent vers le cheval, puis vers les vaches de race hollandaise ou normande, capables de s\u2019acclimater sans difficult\u00e9 \u00e0 l\u2019environnement humide des pr\u00e9s jouxtant la M\u00e9rantaise. <\/p>\n\n\n\n<p><\/p>\n","protected":false},"excerpt":{"rendered":"<p>Mentionn\u00e9 pour la premi\u00e8re fois aux XVe et XVIe si\u00e8cles, le Canal, expos\u00e9 au soleil \u00e0 la base des sables, ne compte qu&rsquo;un toit jusqu&rsquo;en 1778. En dessous se trouvent des pr\u00e9s et, au-dessus,&#46;&#46;&#46;<\/p>\n","protected":false},"author":1,"featured_media":722,"parent":0,"menu_order":0,"comment_status":"closed","ping_status":"closed","template":"","meta":{"_acf_changed":false,"footnotes":""},"categories":[],"tags":[],"class_list":["post-68","page","type-page","status-publish","has-post-thumbnail","hentry"],"acf":[],"_links":{"self":[{"href":"https:\/\/evangeo.com\/villiers\/wp-json\/wp\/v2\/pages\/68","targetHints":{"allow":["GET"]}}],"collection":[{"href":"https:\/\/evangeo.com\/villiers\/wp-json\/wp\/v2\/pages"}],"about":[{"href":"https:\/\/evangeo.com\/villiers\/wp-json\/wp\/v2\/types\/page"}],"author":[{"embeddable":true,"href":"https:\/\/evangeo.com\/villiers\/wp-json\/wp\/v2\/users\/1"}],"replies":[{"embeddable":true,"href":"https:\/\/evangeo.com\/villiers\/wp-json\/wp\/v2\/comments?post=68"}],"version-history":[{"count":8,"href":"https:\/\/evangeo.com\/villiers\/wp-json\/wp\/v2\/pages\/68\/revisions"}],"predecessor-version":[{"id":741,"href":"https:\/\/evangeo.com\/villiers\/wp-json\/wp\/v2\/pages\/68\/revisions\/741"}],"wp:featuredmedia":[{"embeddable":true,"href":"https:\/\/evangeo.com\/villiers\/wp-json\/wp\/v2\/media\/722"}],"wp:attachment":[{"href":"https:\/\/evangeo.com\/villiers\/wp-json\/wp\/v2\/media?parent=68"}],"wp:term":[{"taxonomy":"category","embeddable":true,"href":"https:\/\/evangeo.com\/villiers\/wp-json\/wp\/v2\/categories?post=68"},{"taxonomy":"post_tag","embeddable":true,"href":"https:\/\/evangeo.com\/villiers\/wp-json\/wp\/v2\/tags?post=68"}],"curies":[{"name":"wp","href":"https:\/\/api.w.org\/{rel}","templated":true}]}}