{"id":66,"date":"2021-05-10T08:20:59","date_gmt":"2021-05-10T06:20:59","guid":{"rendered":"http:\/\/evangeo.com\/villiers\/laqueduc-des-mineurs\/"},"modified":"2023-10-16T10:49:34","modified_gmt":"2023-10-16T08:49:34","slug":"laqueduc-des-mineurs","status":"publish","type":"page","link":"https:\/\/evangeo.com\/villiers\/laqueduc-des-mineurs\/","title":{"rendered":"Le bassin aux biches"},"content":{"rendered":"<img decoding=\"async\" style=\"width: 100%\" src=\"https:\/\/evangeo.com\/villiers\/wp-content\/uploads\/2021\/09\/AQ_mineurs-1000.jpg\">\n<p><\/p>\n\n\n\n<p>Ce bassin est le point de confluence des rigoles de Ch\u00e2teaufort, de Saint-Aubin et de Corbeville, cette derni\u00e8re alimentant au passage \u00ab&nbsp;l\u2019\u00e9tang de Villiers&nbsp;\u00bb situ\u00e9 de l\u2019autre c\u00f4t\u00e9 du talus plant\u00e9 de sapins. La \u00ab&nbsp;promenade des sapins&nbsp;\u00bb et les abords de l\u2019\u00e9tang \u00e9taient un lieu de promenade et de pique-nique pour les habitants de Villiers, jusqu&rsquo;\u00e0 la fin des ann\u00e9es quarante. Ils sont d\u00e9sormais int\u00e9gr\u00e9s dans l&rsquo;enceinte du CEA.<\/p>\n\n\n\n<p>Devenu parc par la suite, le bassin a accueilli quelques biches et autres animaux pendant plusieurs d\u00e9cennies apr\u00e8s l\u2019implantation du CEA.<\/p>\n\n\n\n<p>Autour des ann\u00e9es 2000, un bassin de r\u00e9tention pour les eaux pluviales a remplac\u00e9 le parc qui a alors naturellement pris le toponyme de \u00ab&nbsp;Bassin aux Biches&nbsp;\u00bb.<\/p>\n\n\n\n<p>Les eaux collect\u00e9es sont \u00e9vacu\u00e9es par l\u2019aqueduc des Mineurs, dont l\u2019\u00e9cluse est visible de l\u2019autre c\u00f4t\u00e9 de la route, lorsque que le chemin tourne \u00e0 angle droit en direction de Saint-Aubin. Cet aqueduc, en souterrain sur 1850 m\u00e8tres, relie le Bassin aux Biches \u00e0 l\u2019Etang Vieux de Saclay.<\/p>\n\n\n\n<p>L\u2019aqueduc est toujours utilis\u00e9 par le CEA pour y envoyer ses eaux pluviales et de refroidissement. Avec 1,2 million de m\u00e8tres cubes d\u2019eau rejet\u00e9s chaque ann\u00e9e, cet aqueduc est un \u00e9l\u00e9ment cl\u00e9 du fonctionnement du site.<\/p>\n\n\n\n<p>Les autres aqueducs du plateau, autrefois utilis\u00e9s par le service des eaux et fontaines du ch\u00e2teau de Versailles, ne sont plus entretenus depuis 1950.<\/p>\n\n\n\n<p><\/p>\n","protected":false},"excerpt":{"rendered":"<p>Ce bassin est le point de confluence des rigoles de Ch\u00e2teaufort, de Saint-Aubin et de Corbeville, cette derni\u00e8re alimentant au passage \u00ab&nbsp;l\u2019\u00e9tang de Villiers&nbsp;\u00bb situ\u00e9 de l\u2019autre c\u00f4t\u00e9 du talus plant\u00e9 de sapins. La&#46;&#46;&#46;<\/p>\n","protected":false},"author":1,"featured_media":374,"parent":0,"menu_order":0,"comment_status":"closed","ping_status":"closed","template":"","meta":{"_acf_changed":false,"footnotes":""},"categories":[],"tags":[],"class_list":["post-66","page","type-page","status-publish","has-post-thumbnail","hentry"],"acf":[],"_links":{"self":[{"href":"https:\/\/evangeo.com\/villiers\/wp-json\/wp\/v2\/pages\/66","targetHints":{"allow":["GET"]}}],"collection":[{"href":"https:\/\/evangeo.com\/villiers\/wp-json\/wp\/v2\/pages"}],"about":[{"href":"https:\/\/evangeo.com\/villiers\/wp-json\/wp\/v2\/types\/page"}],"author":[{"embeddable":true,"href":"https:\/\/evangeo.com\/villiers\/wp-json\/wp\/v2\/users\/1"}],"replies":[{"embeddable":true,"href":"https:\/\/evangeo.com\/villiers\/wp-json\/wp\/v2\/comments?post=66"}],"version-history":[{"count":9,"href":"https:\/\/evangeo.com\/villiers\/wp-json\/wp\/v2\/pages\/66\/revisions"}],"predecessor-version":[{"id":763,"href":"https:\/\/evangeo.com\/villiers\/wp-json\/wp\/v2\/pages\/66\/revisions\/763"}],"wp:featuredmedia":[{"embeddable":true,"href":"https:\/\/evangeo.com\/villiers\/wp-json\/wp\/v2\/media\/374"}],"wp:attachment":[{"href":"https:\/\/evangeo.com\/villiers\/wp-json\/wp\/v2\/media?parent=66"}],"wp:term":[{"taxonomy":"category","embeddable":true,"href":"https:\/\/evangeo.com\/villiers\/wp-json\/wp\/v2\/categories?post=66"},{"taxonomy":"post_tag","embeddable":true,"href":"https:\/\/evangeo.com\/villiers\/wp-json\/wp\/v2\/tags?post=66"}],"curies":[{"name":"wp","href":"https:\/\/api.w.org\/{rel}","templated":true}]}}