{"id":65,"date":"2021-05-10T08:20:55","date_gmt":"2021-05-10T06:20:55","guid":{"rendered":"http:\/\/evangeo.com\/villiers\/la-rigole-de-chateaufort\/"},"modified":"2022-08-11T17:33:28","modified_gmt":"2022-08-11T15:33:28","slug":"la-rigole-de-chateaufort","status":"publish","type":"page","link":"https:\/\/evangeo.com\/villiers\/la-rigole-de-chateaufort\/","title":{"rendered":"Les rigoles du plateau"},"content":{"rendered":"<img decoding=\"async\" style=\"width: 100%\" src=\"https:\/\/evangeo.com\/villiers\/wp-content\/uploads\/2022\/07\/6BD-rigoles.jpg\">\n<p>C\u2019est au XVIIe si\u00e8cle que sera \u00e9tabli un r\u00e9seau hydraulique unique au monde destin\u00e9 \u00e0 alimenter les fontaines de Versailles.&nbsp; Il en r\u00e9sultera par ailleurs l\u2019assainissement des terres du plateau et leur mise en valeur agricole.<\/p>\n\n\n\n<p>Cet ensemble imagin\u00e9 par Colbert, s\u2019\u00e9tend sur plus de 62 kilom\u00e8tres. Il comprend six rigoles parsemant tout le plateau de Saclay ainsi que des \u00e9tangs et aqueducs.<\/p>\n\n\n\n<p>La rigole de Corbeville qui coule \u00e0 l\u2019est du village et celle de Ch\u00e2teaufort au nord, permettent au petit bourg de Villiers de devenir une importante ressource agricole pour le plateau de Saclay.<\/p>\n\n\n\n<p>Op\u00e9rationnelles de 1683 jusqu\u2019en 1950, on trouve encore de nombreux t\u00e9moignages de ces rigoles au gr\u00e9 du village. Les eaux pi\u00e9g\u00e9es y apparaissent sous forme de \u00ab&nbsp;mouill\u00e8res&nbsp;\u00bb accueillant une flore et une faune particuli\u00e8res.<\/p>\n\n\n\n<p>Aujourd\u2019hui, des chemins longent les rigoles pour le plus grand plaisir des promeneurs. C\u2019est notamment le cas entre Ch\u00e2teaufort et le quartier du Bel Air dont une rue porte le nom de \u00a0\u00bb rue de la Rigole \u00ab\u00a0, et autour du ch\u00e2teau de Villiers.<\/p>\n\n\n\n<p><\/p>\n\n\n\n<p><\/p>\n\n\n\n<p><\/p>\n\n\n\n<figure class=\"wp-block-image size-full\"><img loading=\"lazy\" decoding=\"async\" width=\"1000\" height=\"750\" src=\"https:\/\/evangeo.com\/villiers\/wp-content\/uploads\/2021\/09\/rigole-B-1000.jpg\" alt=\"\" class=\"wp-image-371\" srcset=\"https:\/\/evangeo.com\/villiers\/wp-content\/uploads\/2021\/09\/rigole-B-1000.jpg 1000w, https:\/\/evangeo.com\/villiers\/wp-content\/uploads\/2021\/09\/rigole-B-1000-300x225.jpg 300w, https:\/\/evangeo.com\/villiers\/wp-content\/uploads\/2021\/09\/rigole-B-1000-768x576.jpg 768w\" sizes=\"auto, (max-width: 1000px) 100vw, 1000px\" \/><\/figure>\n","protected":false},"excerpt":{"rendered":"<p>C\u2019est au XVIIe si\u00e8cle que sera \u00e9tabli un r\u00e9seau hydraulique unique au monde destin\u00e9 \u00e0 alimenter les fontaines de Versailles.&nbsp; Il en r\u00e9sultera par ailleurs l\u2019assainissement des terres du plateau et leur mise en&#46;&#46;&#46;<\/p>\n","protected":false},"author":1,"featured_media":713,"parent":0,"menu_order":0,"comment_status":"closed","ping_status":"closed","template":"","meta":{"_acf_changed":false,"footnotes":""},"categories":[],"tags":[],"class_list":["post-65","page","type-page","status-publish","has-post-thumbnail","hentry"],"acf":[],"_links":{"self":[{"href":"https:\/\/evangeo.com\/villiers\/wp-json\/wp\/v2\/pages\/65","targetHints":{"allow":["GET"]}}],"collection":[{"href":"https:\/\/evangeo.com\/villiers\/wp-json\/wp\/v2\/pages"}],"about":[{"href":"https:\/\/evangeo.com\/villiers\/wp-json\/wp\/v2\/types\/page"}],"author":[{"embeddable":true,"href":"https:\/\/evangeo.com\/villiers\/wp-json\/wp\/v2\/users\/1"}],"replies":[{"embeddable":true,"href":"https:\/\/evangeo.com\/villiers\/wp-json\/wp\/v2\/comments?post=65"}],"version-history":[{"count":10,"href":"https:\/\/evangeo.com\/villiers\/wp-json\/wp\/v2\/pages\/65\/revisions"}],"predecessor-version":[{"id":761,"href":"https:\/\/evangeo.com\/villiers\/wp-json\/wp\/v2\/pages\/65\/revisions\/761"}],"wp:featuredmedia":[{"embeddable":true,"href":"https:\/\/evangeo.com\/villiers\/wp-json\/wp\/v2\/media\/713"}],"wp:attachment":[{"href":"https:\/\/evangeo.com\/villiers\/wp-json\/wp\/v2\/media?parent=65"}],"wp:term":[{"taxonomy":"category","embeddable":true,"href":"https:\/\/evangeo.com\/villiers\/wp-json\/wp\/v2\/categories?post=65"},{"taxonomy":"post_tag","embeddable":true,"href":"https:\/\/evangeo.com\/villiers\/wp-json\/wp\/v2\/tags?post=65"}],"curies":[{"name":"wp","href":"https:\/\/api.w.org\/{rel}","templated":true}]}}