{"id":64,"date":"2021-05-10T08:20:49","date_gmt":"2021-05-10T06:20:49","guid":{"rendered":"http:\/\/evangeo.com\/villiers\/chateau-de-villiers\/"},"modified":"2023-10-16T10:51:58","modified_gmt":"2023-10-16T08:51:58","slug":"chateau-de-villiers","status":"publish","type":"page","link":"https:\/\/evangeo.com\/villiers\/chateau-de-villiers\/","title":{"rendered":"Le ch\u00e2teau de Villiers"},"content":{"rendered":"<img decoding=\"async\" style=\"width: 100%\" src=\"https:\/\/evangeo.com\/villiers\/wp-content\/uploads\/2022\/07\/5BD-Chateau-Villiers.jpg\">\n<p><\/p>\n\n\n\n<p>En 1662, Michel Lucas, secr\u00e9taire du roi Louis XIII ach\u00e8te le fief de Presles. Sur l\u2019emplacement de la maison seigneuriale, il construit un \u00e9difice \u00e0 la \u00ab Mansard \u00bb.<\/p>\n\n\n\n<p>Le ch\u00e2teau est compos\u00e9 d\u2019un corps de logis simple avec deux pavillons en aile sur un plan en H. Le faux avant-corps, orn\u00e9 de pilastres et surmont\u00e9 d\u2019une horloge, r\u00e9sulte de remaniements post\u00e9rieurs.<\/p>\n\n\n\n<p>En moellons de meuli\u00e8re, le ch\u00e2teau n\u2019est \u00ab brique et pierre \u00bb qu\u2019en son rev\u00eatement.<\/p>\n\n\n\n<p>Il a \u00e9t\u00e9 restaur\u00e9 au XIXe si\u00e8cle par Augustin, Stanislas, Philippe, comte des Monstiers M\u00e9rinville, qui comble les douves, change la distribution des pi\u00e8ces du rez-de-chauss\u00e9e et coupe de grandes all\u00e9es dans le parc pour dessiner un parc \u00e0 l\u2019anglaise. Lui succ\u00e8de la famille du comte Biver qui poss\u00e8de le ch\u00e2teau pendant plus d\u2019un si\u00e8cle.<\/p>\n\n\n\n<p>Yves Lecoq, antiquaire et humoriste, propri\u00e9taire de 1995 \u00e0 2021, a restaur\u00e9 la d\u00e9coration int\u00e9rieure et pourvu \u00e0 l\u2019entretien des jardins et du parc de 40 hectares.<\/p>\n\n\n\n<p>Le ch\u00e2teau a \u00e9t\u00e9 class\u00e9 en 1946 et se visite parfois lors des journ\u00e9es du patrimoine. Il a accueilli de nombreux tournages de film, dont<em> Ridicule<\/em> de Patrice Leconte, <em>Les \u00c2mes grises<\/em> de Yves Angelo, <em>Ch\u00e9ri<\/em> de Stephen Frears ou encore <em>B\u00e9cassine !<\/em> de Bruno Podalyd\u00e8s.<\/p>\n\n\n\n<p>Pour en savoir davantage : <a href=\"https:\/\/evangeo.com\/villiers\/le-chateau-de-villiers-le-bacle\/\">Le ch\u00e2teau de Villiers-le-B\u00e2cle \u2013 Histoire populaire de Villiers-le-B\u00e2cle (evangeo.com)<\/a><\/p>\n","protected":false},"excerpt":{"rendered":"<p>En 1662, Michel Lucas, secr\u00e9taire du roi Louis XIII ach\u00e8te le fief de Presles. Sur l\u2019emplacement de la maison seigneuriale, il construit un \u00e9difice \u00e0 la \u00ab Mansard \u00bb. Le ch\u00e2teau est compos\u00e9 d\u2019un&#46;&#46;&#46;<\/p>\n","protected":false},"author":1,"featured_media":712,"parent":0,"menu_order":0,"comment_status":"closed","ping_status":"closed","template":"","meta":{"_acf_changed":false,"footnotes":""},"categories":[],"tags":[],"class_list":["post-64","page","type-page","status-publish","has-post-thumbnail","hentry"],"acf":[],"_links":{"self":[{"href":"https:\/\/evangeo.com\/villiers\/wp-json\/wp\/v2\/pages\/64","targetHints":{"allow":["GET"]}}],"collection":[{"href":"https:\/\/evangeo.com\/villiers\/wp-json\/wp\/v2\/pages"}],"about":[{"href":"https:\/\/evangeo.com\/villiers\/wp-json\/wp\/v2\/types\/page"}],"author":[{"embeddable":true,"href":"https:\/\/evangeo.com\/villiers\/wp-json\/wp\/v2\/users\/1"}],"replies":[{"embeddable":true,"href":"https:\/\/evangeo.com\/villiers\/wp-json\/wp\/v2\/comments?post=64"}],"version-history":[{"count":13,"href":"https:\/\/evangeo.com\/villiers\/wp-json\/wp\/v2\/pages\/64\/revisions"}],"predecessor-version":[{"id":797,"href":"https:\/\/evangeo.com\/villiers\/wp-json\/wp\/v2\/pages\/64\/revisions\/797"}],"wp:featuredmedia":[{"embeddable":true,"href":"https:\/\/evangeo.com\/villiers\/wp-json\/wp\/v2\/media\/712"}],"wp:attachment":[{"href":"https:\/\/evangeo.com\/villiers\/wp-json\/wp\/v2\/media?parent=64"}],"wp:term":[{"taxonomy":"category","embeddable":true,"href":"https:\/\/evangeo.com\/villiers\/wp-json\/wp\/v2\/categories?post=64"},{"taxonomy":"post_tag","embeddable":true,"href":"https:\/\/evangeo.com\/villiers\/wp-json\/wp\/v2\/tags?post=64"}],"curies":[{"name":"wp","href":"https:\/\/api.w.org\/{rel}","templated":true}]}}