{"id":638,"date":"2022-06-05T19:38:39","date_gmt":"2022-06-05T17:38:39","guid":{"rendered":"https:\/\/evangeo.com\/villiers\/?page_id=638"},"modified":"2023-10-11T17:24:28","modified_gmt":"2023-10-11T15:24:28","slug":"monographie-de-linstituteur-preambule","status":"publish","type":"page","link":"https:\/\/evangeo.com\/villiers\/monographie-de-linstituteur-preambule\/","title":{"rendered":"Monographie de l&rsquo;instituteur &#8211; Pr\u00e9ambule"},"content":{"rendered":"\n<p><\/p>\n\n\n\n<p>Par instruction minist\u00e9rielle du 29 d\u00e9cembre 1898, toutes les \u00e9coles primaires fran\u00e7aises ont \u00e9t\u00e9 sollicit\u00e9es pour participer \u00e0 la pr\u00e9paration de l&rsquo;exposition du Minist\u00e8re de l&rsquo;Instruction publique consacr\u00e9e \u00e0 l&rsquo;enseignement primaire dans le cadre de l&rsquo;exposition universelle de 1900.<\/p>\n\n\n\n<p>La manifestation avait pour but de c\u00e9l\u00e9brer le progr\u00e8s de l&rsquo;instruction publique et l&rsquo;efficacit\u00e9 des instituteurs dans l&rsquo;enseignement de l&rsquo;histoire et la g\u00e9ographie, facteur indispensable pour renforcer, au sein de la population fran\u00e7aise, l&rsquo;unit\u00e9 nationale, l&rsquo;attachement \u00e0 la patrie et l&rsquo;esprit r\u00e9publicain. Il s&rsquo;agissait donc de pr\u00e9senter des objets et travaux d&rsquo;enseignants et d&rsquo;\u00e9l\u00e8ves, mais aussi de r\u00e9diger des monographies communales.<\/p>\n\n\n\n<p>Chaque monographie devait respecter un plan commun. D&rsquo;abord, une partie g\u00e9ographique et historique (situation g\u00e9ographique, climat, histoire locale, biographies de personnages remarquables, liste des personnalit\u00e9s locales, \u00e9conomie\u2026) puis une partie consacr\u00e9e \u00e0 l&rsquo;instruction publique, dans laquelle l&rsquo;instituteur faisait l&rsquo;historique des b\u00e2timents ayant abrit\u00e9 les \u00e9coles et parlait de son m\u00e9tier et de son programme scolaire.<\/p>\n\n\n\n<p>D&rsquo;une fiabilit\u00e9 historique relative, ces documents sont une source fondamentale pour l&rsquo;histoire locale en tant que t\u00e9moignage de l&rsquo;\u00e9poque, du point de vue g\u00e9ographique, \u00e9conomique et ethnographique et des mentalit\u00e9s.<\/p>\n\n\n\n<p>La ponctuation, les majuscules et la pr\u00e9sentation ont \u00e9t\u00e9 rigoureusement respect\u00e9es dans la saisie de ce document manuscrit.<\/p>\n\n\n\n<p><\/p>\n\n\n\n<p><a rel=\"noreferrer noopener\" href=\"https:\/\/evangeo.com\/villiers\/villiers-dans-les-archives-monographie-de-linstituteur\/\" data-type=\"URL\" data-id=\"https:\/\/evangeo.com\/villiers\/villiers-dans-les-archives-monographie-de-linstituteur\/\" target=\"_blank\">Acc\u00e9der \u00e0 la monographie<\/a><\/p>\n","protected":false},"excerpt":{"rendered":"<p>Par instruction minist\u00e9rielle du 29 d\u00e9cembre 1898, toutes les \u00e9coles primaires fran\u00e7aises ont \u00e9t\u00e9 sollicit\u00e9es pour participer \u00e0 la pr\u00e9paration de l&rsquo;exposition du Minist\u00e8re de l&rsquo;Instruction publique consacr\u00e9e \u00e0 l&rsquo;enseignement primaire dans le cadre&#46;&#46;&#46;<\/p>\n","protected":false},"author":13,"featured_media":0,"parent":0,"menu_order":0,"comment_status":"closed","ping_status":"closed","template":"","meta":{"_acf_changed":false,"footnotes":""},"categories":[],"tags":[],"class_list":["post-638","page","type-page","status-publish","hentry"],"acf":[],"_links":{"self":[{"href":"https:\/\/evangeo.com\/villiers\/wp-json\/wp\/v2\/pages\/638","targetHints":{"allow":["GET"]}}],"collection":[{"href":"https:\/\/evangeo.com\/villiers\/wp-json\/wp\/v2\/pages"}],"about":[{"href":"https:\/\/evangeo.com\/villiers\/wp-json\/wp\/v2\/types\/page"}],"author":[{"embeddable":true,"href":"https:\/\/evangeo.com\/villiers\/wp-json\/wp\/v2\/users\/13"}],"replies":[{"embeddable":true,"href":"https:\/\/evangeo.com\/villiers\/wp-json\/wp\/v2\/comments?post=638"}],"version-history":[{"count":5,"href":"https:\/\/evangeo.com\/villiers\/wp-json\/wp\/v2\/pages\/638\/revisions"}],"predecessor-version":[{"id":683,"href":"https:\/\/evangeo.com\/villiers\/wp-json\/wp\/v2\/pages\/638\/revisions\/683"}],"wp:attachment":[{"href":"https:\/\/evangeo.com\/villiers\/wp-json\/wp\/v2\/media?parent=638"}],"wp:term":[{"taxonomy":"category","embeddable":true,"href":"https:\/\/evangeo.com\/villiers\/wp-json\/wp\/v2\/categories?post=638"},{"taxonomy":"post_tag","embeddable":true,"href":"https:\/\/evangeo.com\/villiers\/wp-json\/wp\/v2\/tags?post=638"}],"curies":[{"name":"wp","href":"https:\/\/api.w.org\/{rel}","templated":true}]}}