{"id":63,"date":"2021-05-10T08:20:41","date_gmt":"2021-05-10T06:20:41","guid":{"rendered":"http:\/\/evangeo.com\/villiers\/eglise-notre-dame\/"},"modified":"2023-10-16T10:51:38","modified_gmt":"2023-10-16T08:51:38","slug":"eglise-notre-dame","status":"publish","type":"page","link":"https:\/\/evangeo.com\/villiers\/eglise-notre-dame\/","title":{"rendered":"L&rsquo;\u00e9glise Notre-Dame de l&rsquo;Assomption"},"content":{"rendered":"<img decoding=\"async\" style=\"width: 100%\" src=\"https:\/\/evangeo.com\/villiers\/wp-content\/uploads\/2022\/07\/4BD-eglise.jpg\">\n<p><\/p>\n\n\n\n<p>A la fois chapelle seigneuriale et \u00e9glise paroissiale, Notre-Dame de l\u2019Assomption de Villiers-le-B\u00e2cle chatoie de mille couleurs.<\/p>\n\n\n\n<p>Reb\u00e2tie au XVIIe si\u00e8cle sur les fondations d\u2019une \u00e9glise du XIIe et XVe si\u00e8cle, ruin\u00e9e lors de la guerre de Cent-Ans, elle est restaur\u00e9e et d\u00e9cor\u00e9e de 1845 \u00e0 1887.<\/p>\n\n\n\n<p>La chapelle Saint-Louis du XVIIIe, avec peintures et ornements en style n\u00e9o-pomp\u00e9ien, int\u00e8gre un tableau inspir\u00e9 de Le Brun : <em>Saint Louis adorant la couronne d\u2019\u00e9pines<\/em>.<\/p>\n\n\n\n<p>Les peintures polychromes en style romano-byzantin de la nef et de l\u2019abside sont l\u2019\u0153uvre de l\u2019abb\u00e9 Georges Scott. On peut admirer le chemin de croix, les pierres tombales et le cycle des vitraux de la Vierge (fin XVIIe).<\/p>\n\n\n\n<p>Le peintre L\u00e9onard Foujita qui avait acquis une maison dans le village en 1960 se proposa pour repeindre le ch\u0153ur et la vo\u00fbte de l\u2019abside, mais le cur\u00e9 de l\u2019\u00e9poque s\u2019y opposa voulant garder les couleurs vives de Georges Scott.<\/p>\n\n\n\n<p>La pierre tombale de Foujita est toujours visible dans le cimeti\u00e8re : une simple dalle de granit rose surmont\u00e9e d\u2019un tr\u00e8fle, dans l\u2019axe de la chapelle nord de l\u2019\u00e9glise.<\/p>\n\n\n\n<p>Visites guid\u00e9es sur demande : <a rel=\"noreferrer noopener\" href=\"mailto:contact.apvsa@gmail.com\" target=\"_blank\">contact.apvsa@gmail.com<\/a><br><\/p>\n\n\n\n<p><\/p>\n","protected":false},"excerpt":{"rendered":"<p>A la fois chapelle seigneuriale et \u00e9glise paroissiale, Notre-Dame de l\u2019Assomption de Villiers-le-B\u00e2cle chatoie de mille couleurs. Reb\u00e2tie au XVIIe si\u00e8cle sur les fondations d\u2019une \u00e9glise du XIIe et XVe si\u00e8cle, ruin\u00e9e lors de&#46;&#46;&#46;<\/p>\n","protected":false},"author":1,"featured_media":711,"parent":0,"menu_order":0,"comment_status":"closed","ping_status":"closed","template":"","meta":{"_acf_changed":false,"footnotes":""},"categories":[],"tags":[],"class_list":["post-63","page","type-page","status-publish","has-post-thumbnail","hentry"],"acf":[],"_links":{"self":[{"href":"https:\/\/evangeo.com\/villiers\/wp-json\/wp\/v2\/pages\/63","targetHints":{"allow":["GET"]}}],"collection":[{"href":"https:\/\/evangeo.com\/villiers\/wp-json\/wp\/v2\/pages"}],"about":[{"href":"https:\/\/evangeo.com\/villiers\/wp-json\/wp\/v2\/types\/page"}],"author":[{"embeddable":true,"href":"https:\/\/evangeo.com\/villiers\/wp-json\/wp\/v2\/users\/1"}],"replies":[{"embeddable":true,"href":"https:\/\/evangeo.com\/villiers\/wp-json\/wp\/v2\/comments?post=63"}],"version-history":[{"count":12,"href":"https:\/\/evangeo.com\/villiers\/wp-json\/wp\/v2\/pages\/63\/revisions"}],"predecessor-version":[{"id":757,"href":"https:\/\/evangeo.com\/villiers\/wp-json\/wp\/v2\/pages\/63\/revisions\/757"}],"wp:featuredmedia":[{"embeddable":true,"href":"https:\/\/evangeo.com\/villiers\/wp-json\/wp\/v2\/media\/711"}],"wp:attachment":[{"href":"https:\/\/evangeo.com\/villiers\/wp-json\/wp\/v2\/media?parent=63"}],"wp:term":[{"taxonomy":"category","embeddable":true,"href":"https:\/\/evangeo.com\/villiers\/wp-json\/wp\/v2\/categories?post=63"},{"taxonomy":"post_tag","embeddable":true,"href":"https:\/\/evangeo.com\/villiers\/wp-json\/wp\/v2\/tags?post=63"}],"curies":[{"name":"wp","href":"https:\/\/api.w.org\/{rel}","templated":true}]}}