{"id":5,"date":"2021-05-07T13:44:59","date_gmt":"2021-05-07T11:44:59","guid":{"rendered":"http:\/\/evangeo.com\/villiers\/?page_id=5"},"modified":"2023-10-16T10:48:16","modified_gmt":"2023-10-16T08:48:16","slug":"ferme-de-villiers-le-bacle","status":"publish","type":"page","link":"https:\/\/evangeo.com\/villiers\/ferme-de-villiers-le-bacle\/","title":{"rendered":"La ferme de Voisins-le-Thuit"},"content":{"rendered":"<img decoding=\"async\" style=\"width: 100%\" src=\"https:\/\/evangeo.com\/villiers\/wp-content\/uploads\/2021\/05\/slide_2636fermesdevoisins2.png\">\n<p><\/p>\n\n\n\n<p>Situ\u00e9e en lisi\u00e8re de Ch\u00e2teaufort, la ferme de Voisins-le-Thuit, construite au XVIIIe si\u00e8cle, appara\u00eet sur la carte des environs de Paris \u00e9tablie par l\u2019Abb\u00e9 de la Grive en 1740.\u00a0<\/p>\n\n\n\n<p>Les documents connus font remonter la seigneurie de Voisins-le-Cuit au milieu du XIIIe si\u00e8cle avec Jean de Voisins. Commence alors une tr\u00e8s longue lign\u00e9e de seigneurs nomm\u00e9s Guillaume de Voisins.&nbsp;<\/p>\n\n\n\n<p>R\u00e9nov\u00e9e vers les ann\u00e9es 2000, la ferme de Voisins-le-Thuit comprend \u00e0 pr\u00e9sent une trentaine de maisons et appartements. Une grande partie des b\u00e2timents a pu \u00eatre conserv\u00e9e afin de pr\u00e9server le caract\u00e8re pittoresque et authentique du domaine.&nbsp;<\/p>\n\n\n\n<p>La ferme est situ\u00e9e au c\u0153ur d\u2019un environnement naturel avec le bois de la T\u00eate Ronde et la vall\u00e9e de la M\u00e9rantaise en contrebas, site class\u00e9 comprenant la R\u00e9serve Naturelle Volontaire du domaine d\u2019Ors.&nbsp;<\/p>\n\n\n\n<p>Les zones naturelles et bois\u00e9es autour de la ferme constituent donc le point de d\u00e9part de nombreux chemins pour balades, randonn\u00e9es, VTT, \u00e9quitation.&nbsp;&nbsp;<\/p>\n\n\n\n<p><\/p>\n\n\n\n<p><\/p>\n\n\n\n<p><\/p>\n\n\n\n<figure class=\"wp-block-gallery has-nested-images columns-default is-cropped wp-block-gallery-1 is-layout-flex wp-block-gallery-is-layout-flex\">\n<figure class=\"wp-block-image size-large\"><img loading=\"lazy\" decoding=\"async\" width=\"180\" height=\"131\" data-id=\"33\" src=\"https:\/\/evangeo.com\/villiers\/wp-content\/uploads\/2021\/05\/Ferme_de_Voisins_le_Thuit.png\" alt=\"\" class=\"wp-image-33\" srcset=\"https:\/\/evangeo.com\/villiers\/wp-content\/uploads\/2021\/05\/Ferme_de_Voisins_le_Thuit.png 180w, https:\/\/evangeo.com\/villiers\/wp-content\/uploads\/2021\/05\/Ferme_de_Voisins_le_Thuit-82x60.png 82w\" sizes=\"auto, (max-width: 180px) 100vw, 180px\" \/><\/figure>\n\n\n\n<figure class=\"wp-block-image size-large\"><img loading=\"lazy\" decoding=\"async\" width=\"800\" height=\"600\" data-id=\"104\" src=\"https:\/\/evangeo.com\/villiers\/wp-content\/uploads\/2021\/05\/slide_2636fermesdevoisins2.png\" alt=\"\" class=\"wp-image-104\" srcset=\"https:\/\/evangeo.com\/villiers\/wp-content\/uploads\/2021\/05\/slide_2636fermesdevoisins2.png 800w, https:\/\/evangeo.com\/villiers\/wp-content\/uploads\/2021\/05\/slide_2636fermesdevoisins2-300x225.png 300w, https:\/\/evangeo.com\/villiers\/wp-content\/uploads\/2021\/05\/slide_2636fermesdevoisins2-768x576.png 768w, https:\/\/evangeo.com\/villiers\/wp-content\/uploads\/2021\/05\/slide_2636fermesdevoisins2-80x60.png 80w\" sizes=\"auto, (max-width: 800px) 100vw, 800px\" \/><\/figure>\n\n\n\n<figure class=\"wp-block-image size-large\"><img loading=\"lazy\" decoding=\"async\" width=\"800\" height=\"600\" data-id=\"207\" src=\"https:\/\/evangeo.com\/villiers\/wp-content\/uploads\/2021\/05\/slide_64366fermesdevoisins41.png\" alt=\"\" class=\"wp-image-207\" srcset=\"https:\/\/evangeo.com\/villiers\/wp-content\/uploads\/2021\/05\/slide_64366fermesdevoisins41.png 800w, https:\/\/evangeo.com\/villiers\/wp-content\/uploads\/2021\/05\/slide_64366fermesdevoisins41-300x225.png 300w, https:\/\/evangeo.com\/villiers\/wp-content\/uploads\/2021\/05\/slide_64366fermesdevoisins41-768x576.png 768w\" sizes=\"auto, (max-width: 800px) 100vw, 800px\" \/><\/figure>\n\n\n\n<figure class=\"wp-block-image size-large\"><img loading=\"lazy\" decoding=\"async\" width=\"800\" height=\"600\" data-id=\"208\" src=\"https:\/\/evangeo.com\/villiers\/wp-content\/uploads\/2021\/05\/R7404685a2a689aefeebb0676d875734c.jpg\" alt=\"\" class=\"wp-image-208\" srcset=\"https:\/\/evangeo.com\/villiers\/wp-content\/uploads\/2021\/05\/R7404685a2a689aefeebb0676d875734c.jpg 800w, https:\/\/evangeo.com\/villiers\/wp-content\/uploads\/2021\/05\/R7404685a2a689aefeebb0676d875734c-300x225.jpg 300w, https:\/\/evangeo.com\/villiers\/wp-content\/uploads\/2021\/05\/R7404685a2a689aefeebb0676d875734c-768x576.jpg 768w\" sizes=\"auto, (max-width: 800px) 100vw, 800px\" \/><\/figure>\n\n\n\n<figure class=\"wp-block-image size-large\"><img loading=\"lazy\" decoding=\"async\" width=\"1024\" height=\"577\" data-id=\"210\" src=\"https:\/\/evangeo.com\/villiers\/wp-content\/uploads\/2021\/05\/P1000044-1-1024x577.jpg\" alt=\"\" class=\"wp-image-210\" srcset=\"https:\/\/evangeo.com\/villiers\/wp-content\/uploads\/2021\/05\/P1000044-1-1024x577.jpg 1024w, https:\/\/evangeo.com\/villiers\/wp-content\/uploads\/2021\/05\/P1000044-1-300x169.jpg 300w, https:\/\/evangeo.com\/villiers\/wp-content\/uploads\/2021\/05\/P1000044-1-768x432.jpg 768w, https:\/\/evangeo.com\/villiers\/wp-content\/uploads\/2021\/05\/P1000044-1-1536x865.jpg 1536w, https:\/\/evangeo.com\/villiers\/wp-content\/uploads\/2021\/05\/P1000044-1.jpg 1721w\" sizes=\"auto, (max-width: 1024px) 100vw, 1024px\" \/><\/figure>\n<\/figure>\n","protected":false},"excerpt":{"rendered":"<p>Situ\u00e9e en lisi\u00e8re de Ch\u00e2teaufort, la ferme de Voisins-le-Thuit, construite au XVIIIe si\u00e8cle, appara\u00eet sur la carte des environs de Paris \u00e9tablie par l\u2019Abb\u00e9 de la Grive en 1740.\u00a0 Les documents connus font remonter&#46;&#46;&#46;<\/p>\n","protected":false},"author":1,"featured_media":104,"parent":0,"menu_order":0,"comment_status":"closed","ping_status":"closed","template":"","meta":{"_acf_changed":false,"footnotes":""},"categories":[],"tags":[],"class_list":["post-5","page","type-page","status-publish","has-post-thumbnail","hentry"],"acf":[],"_links":{"self":[{"href":"https:\/\/evangeo.com\/villiers\/wp-json\/wp\/v2\/pages\/5","targetHints":{"allow":["GET"]}}],"collection":[{"href":"https:\/\/evangeo.com\/villiers\/wp-json\/wp\/v2\/pages"}],"about":[{"href":"https:\/\/evangeo.com\/villiers\/wp-json\/wp\/v2\/types\/page"}],"author":[{"embeddable":true,"href":"https:\/\/evangeo.com\/villiers\/wp-json\/wp\/v2\/users\/1"}],"replies":[{"embeddable":true,"href":"https:\/\/evangeo.com\/villiers\/wp-json\/wp\/v2\/comments?post=5"}],"version-history":[{"count":20,"href":"https:\/\/evangeo.com\/villiers\/wp-json\/wp\/v2\/pages\/5\/revisions"}],"predecessor-version":[{"id":718,"href":"https:\/\/evangeo.com\/villiers\/wp-json\/wp\/v2\/pages\/5\/revisions\/718"}],"wp:featuredmedia":[{"embeddable":true,"href":"https:\/\/evangeo.com\/villiers\/wp-json\/wp\/v2\/media\/104"}],"wp:attachment":[{"href":"https:\/\/evangeo.com\/villiers\/wp-json\/wp\/v2\/media?parent=5"}],"wp:term":[{"taxonomy":"category","embeddable":true,"href":"https:\/\/evangeo.com\/villiers\/wp-json\/wp\/v2\/categories?post=5"},{"taxonomy":"post_tag","embeddable":true,"href":"https:\/\/evangeo.com\/villiers\/wp-json\/wp\/v2\/tags?post=5"}],"curies":[{"name":"wp","href":"https:\/\/api.w.org\/{rel}","templated":true}]}}