{"id":359,"date":"2021-09-12T17:36:33","date_gmt":"2021-09-12T15:36:33","guid":{"rendered":"http:\/\/evangeo.com\/villiers\/?page_id=359"},"modified":"2023-10-16T10:48:50","modified_gmt":"2023-10-16T08:48:50","slug":"la-ferme-pedagogique-du-bel-air","status":"publish","type":"page","link":"https:\/\/evangeo.com\/villiers\/la-ferme-pedagogique-du-bel-air\/","title":{"rendered":"La ferme p\u00e9dagogique du Bel Air"},"content":{"rendered":"<img decoding=\"async\" style=\"width: 100%\" src=\"https:\/\/evangeo.com\/villiers\/wp-content\/uploads\/2022\/07\/17BD-ferme-pedagogique.jpg\">\n<p>La ferme du Bel Air, situ\u00e9e en bout de village, est typique des petites fermes du Josas destin\u00e9es au mara\u00eechage et \u00e0 l\u2019\u00e9levage de volailles.  Ses b\u00e2timents en meuli\u00e8re, corps de ferme et four \u00e0 pain, remontent au XVIIIe si\u00e8cle.<\/p>\n\n\n\n<p><br>Cette exploitation avicole \u00e9chappe de peu \u00e0 la destruction lors du bombardement alli\u00e9 de mai 1944, plusieurs crat\u00e8res de bombes restant longtemps visibles entre la ferme et le virage de la c\u00f4te de Villiers. <\/p>\n\n\n\n<p><br>Jean David, maire de 1959 \u00e0 1981, en est le fermier exploitant quand le lotissement du Bel Air est construit de l\u2019autre c\u00f4t\u00e9 de la route en 1976. La population du village passe de 250 \u00e0 plus de 700 habitants. Une \u00e9cole avec cantine et garderie est construite pour la rentr\u00e9e de cette ann\u00e9e-l\u00e0. Les nouveaux arrivants s\u2019associent pour cr\u00e9er un projet socio-\u00e9ducatif sous la forme d\u2019un centre a\u00e9r\u00e9, utilisable  \u00e9galement dans la journ\u00e9e par les \u00e9coles. Cette \u00ab \u00e9cole verte \u00bb s\u2019installe dans l\u2019enceinte de la ferme, alors r\u00e9cemment acquise par la commune.<\/p>\n\n\n\n<p><br>La Ferme p\u00e9dagogique du Bel-Air est n\u00e9e. Et c\u2019est une ferme qui sait communiquer, diffusant un journal et \u00ab Radio-village \u00bb, la toute premi\u00e8re radio libre de France !<\/p>\n\n\n\n<p><br>Voil\u00e0 donc 40 ans que la ferme existe. Aujourd\u2019hui c\u2019est l\u2019association \u00ab Les amis de la ferme p\u00e9dagogique du Bel-Air \u00bb qui g\u00e8re la ferme de Villiers-le-B\u00e2cle.<\/p>\n\n\n<figure class=\"wp-block-post-featured-image\"><img loading=\"lazy\" decoding=\"async\" width=\"1191\" height=\"737\" src=\"https:\/\/evangeo.com\/villiers\/wp-content\/uploads\/2022\/07\/17BD-ferme-pedagogique.jpg\" class=\"attachment-post-thumbnail size-post-thumbnail wp-post-image\" alt=\"\" style=\"object-fit:cover;\" srcset=\"https:\/\/evangeo.com\/villiers\/wp-content\/uploads\/2022\/07\/17BD-ferme-pedagogique.jpg 1191w, https:\/\/evangeo.com\/villiers\/wp-content\/uploads\/2022\/07\/17BD-ferme-pedagogique-300x186.jpg 300w, https:\/\/evangeo.com\/villiers\/wp-content\/uploads\/2022\/07\/17BD-ferme-pedagogique-1024x634.jpg 1024w, https:\/\/evangeo.com\/villiers\/wp-content\/uploads\/2022\/07\/17BD-ferme-pedagogique-768x475.jpg 768w\" sizes=\"auto, (max-width: 1191px) 100vw, 1191px\" \/><\/figure>","protected":false},"excerpt":{"rendered":"<p>La ferme du Bel Air, situ\u00e9e en bout de village, est typique des petites fermes du Josas destin\u00e9es au mara\u00eechage et \u00e0 l\u2019\u00e9levage de volailles. Ses b\u00e2timents en meuli\u00e8re, corps de ferme et four&#46;&#46;&#46;<\/p>\n","protected":false},"author":15,"featured_media":731,"parent":0,"menu_order":0,"comment_status":"closed","ping_status":"closed","template":"","meta":{"_acf_changed":false,"footnotes":""},"categories":[],"tags":[],"class_list":["post-359","page","type-page","status-publish","has-post-thumbnail","hentry"],"acf":[],"_links":{"self":[{"href":"https:\/\/evangeo.com\/villiers\/wp-json\/wp\/v2\/pages\/359","targetHints":{"allow":["GET"]}}],"collection":[{"href":"https:\/\/evangeo.com\/villiers\/wp-json\/wp\/v2\/pages"}],"about":[{"href":"https:\/\/evangeo.com\/villiers\/wp-json\/wp\/v2\/types\/page"}],"author":[{"embeddable":true,"href":"https:\/\/evangeo.com\/villiers\/wp-json\/wp\/v2\/users\/15"}],"replies":[{"embeddable":true,"href":"https:\/\/evangeo.com\/villiers\/wp-json\/wp\/v2\/comments?post=359"}],"version-history":[{"count":5,"href":"https:\/\/evangeo.com\/villiers\/wp-json\/wp\/v2\/pages\/359\/revisions"}],"predecessor-version":[{"id":733,"href":"https:\/\/evangeo.com\/villiers\/wp-json\/wp\/v2\/pages\/359\/revisions\/733"}],"wp:featuredmedia":[{"embeddable":true,"href":"https:\/\/evangeo.com\/villiers\/wp-json\/wp\/v2\/media\/731"}],"wp:attachment":[{"href":"https:\/\/evangeo.com\/villiers\/wp-json\/wp\/v2\/media?parent=359"}],"wp:term":[{"taxonomy":"category","embeddable":true,"href":"https:\/\/evangeo.com\/villiers\/wp-json\/wp\/v2\/categories?post=359"},{"taxonomy":"post_tag","embeddable":true,"href":"https:\/\/evangeo.com\/villiers\/wp-json\/wp\/v2\/tags?post=359"}],"curies":[{"name":"wp","href":"https:\/\/api.w.org\/{rel}","templated":true}]}}