{"id":1195,"date":"2023-10-15T18:16:31","date_gmt":"2023-10-15T16:16:31","guid":{"rendered":"https:\/\/evangeo.com\/villiers\/?page_id=1195"},"modified":"2023-10-15T18:58:35","modified_gmt":"2023-10-15T16:58:35","slug":"histoire-de-villiers-v2","status":"publish","type":"page","link":"https:\/\/evangeo.com\/villiers\/histoire-de-villiers-v2\/","title":{"rendered":"Histoire de Villiers"},"content":{"rendered":"\n<p><\/p>\n\n\n\n<p>Notre village de 1 300 \u00e2mes a une longue histoire. En 1989, des&nbsp;<strong>vestiges gallo-romains<\/strong>&nbsp;ont \u00e9t\u00e9 d\u00e9couverts au nord de la commune, lors de la modification de la RD36 et de la cr\u00e9ation du carrefour des Quatre Noyers. En 2021, le long de la RD36, des fouilles arch\u00e9ologiques ont mis au jour une&nbsp;<strong>occupation artisanale de la p\u00e9riode m\u00e9rovingienne<\/strong>&nbsp;et des&nbsp;<strong>s\u00e9pultures de la p\u00e9riode carolingienne<\/strong>.<\/p>\n\n\n\n<p>Le premier document connu date de 1259 et fait \u00e9tat d\u2019un nomm\u00e9&nbsp;<strong>Guillaume de Voisins<\/strong>, seigneur de Villiers. En 1340,&nbsp;<strong>Jean le B\u00e2cle<\/strong>&nbsp;fait un don \u00e0 la cure de Villiers. En remerciement d\u2019un tel bienfait, son nom est ajout\u00e9 \u00e0 celui de Villiers.<\/p>\n\n\n\n<p>Trois fiefs se partagent Villiers&nbsp;: le&nbsp;<strong>fief de Villiers<\/strong>, le<strong>&nbsp;fief de Presles<\/strong>&nbsp;et le&nbsp;<strong>fief le Roi<\/strong>. De ces trois fiefs, d\u00e9pendent plusieurs arri\u00e8re-fiefs.<\/p>\n\n\n\n<p>Les d\u00e9vastations de la guerre de Cent Ans ne commencent que fort tard \u00e0 Villiers-le-B\u00e2cle. C\u2019est seulement apr\u00e8s le d\u00e9sastre d\u2019Azincourt en 1415 et le trait\u00e9 de Troyes qui livre la France aux Anglais que la mis\u00e8re et la d\u00e9solation s\u2019abattent sur la r\u00e9gion.<\/p>\n\n\n\n<p>Peu de t\u00e9moignages nous sont parvenus sur cette \u00e9poque. Mais, lors de la visite archidiaconale de Josas en 1462, le pr\u00e9lat trouve&nbsp;:&nbsp;<em>une \u00e9glise d\u00e9sol\u00e9e et quelques habitants, d\u00e9pourvus de pasteur, devant se rendre \u00e0 Gif&nbsp;&nbsp;pour les offices religieux.<\/em><\/p>\n\n\n\n<p>Jusqu\u2019\u00e0 la r\u00e9volution fran\u00e7aise, l\u2019histoire de Villiers est document\u00e9e principalement au travers de ses seigneurs&nbsp;:<\/p>\n\n\n\n<p>&#8211;&nbsp;&nbsp;la longue lign\u00e9e des&nbsp;<strong>Guillaume de Voisins<\/strong>.<a><\/a><\/p>\n\n\n\n<p>&#8211;&nbsp;&nbsp;l\u2019abbesse de Port-Royal,&nbsp;<strong>Ang\u00e9lique Arnaud<\/strong>.<\/p>\n\n\n\n<figure class=\"wp-block-image size-full\"><img loading=\"lazy\" decoding=\"async\" width=\"636\" height=\"253\" src=\"https:\/\/evangeo.com\/villiers\/wp-content\/uploads\/2022\/02\/image-11.png\" alt=\"\" class=\"wp-image-416\" srcset=\"https:\/\/evangeo.com\/villiers\/wp-content\/uploads\/2022\/02\/image-11.png 636w, https:\/\/evangeo.com\/villiers\/wp-content\/uploads\/2022\/02\/image-11-300x119.png 300w\" sizes=\"auto, (max-width: 636px) 100vw, 636px\" \/><\/figure>\n\n\n\n<p>Signature sur un acte de vente de 1604, concernant une terre sur le territoire de Villiers.<\/p>\n\n\n\n<p>&#8211;&nbsp;<strong>Michel Lucas<\/strong>, seigneur de Saclay et de Presles, intendant des maisons royales de Chantilly, Dammartin et Versailles. \u00c0 la mort de son p\u00e8re, homonyme, en 1639, il reprend la charge de secr\u00e9taire de Louis XIII.&nbsp;&nbsp;Il rach\u00e8te le ch\u00e2teau de Presles en 1650 et fait, sur l\u2019emplacement, construire le ch\u00e2teau que nous connaissons actuellement.<\/p>\n\n\n\n<figure class=\"wp-block-image size-full\"><img loading=\"lazy\" decoding=\"async\" width=\"466\" height=\"221\" src=\"https:\/\/evangeo.com\/villiers\/wp-content\/uploads\/2022\/02\/image-13.png\" alt=\"\" class=\"wp-image-418\" srcset=\"https:\/\/evangeo.com\/villiers\/wp-content\/uploads\/2022\/02\/image-13.png 466w, https:\/\/evangeo.com\/villiers\/wp-content\/uploads\/2022\/02\/image-13-300x142.png 300w\" sizes=\"auto, (max-width: 466px) 100vw, 466px\" \/><\/figure>\n\n\n\n<p>Les armoiries au-dessus de l\u2019entr\u00e9e de la chapelle \u00e0 droite de l\u2019\u00e9glise, seraient celles de Michel Lucas.<\/p>\n\n\n\n<p>&#8211;&nbsp;&nbsp;<strong>Bartillat<\/strong>, p\u00e8re et fils. Joachim fait de nombreux achats de terre et en 1709,&nbsp;<strong>Le fief de Villiers est ainsi r\u00e9uni dans sa quasi-totalit\u00e9&nbsp;<\/strong>: fief de Presles, fief du Roy, Montigny, M\u00e9rantes, Moulin Neuf, Poulaillerie, Giraudi\u00e8re, Mesnil Blondel, Quatre Noyers. En mai 1693, le roi lui octroie la haute, moyenne et basse justice sur sa seigneurie.&nbsp;<\/p>\n\n\n\n<figure class=\"wp-block-image size-full is-resized\"><img loading=\"lazy\" decoding=\"async\" width=\"799\" height=\"517\" src=\"https:\/\/evangeo.com\/villiers\/wp-content\/uploads\/2022\/02\/image-14.png\" alt=\"\" class=\"wp-image-419\" style=\"aspect-ratio:1.5454545454545454;width:783px;height:auto\" srcset=\"https:\/\/evangeo.com\/villiers\/wp-content\/uploads\/2022\/02\/image-14.png 799w, https:\/\/evangeo.com\/villiers\/wp-content\/uploads\/2022\/02\/image-14-300x194.png 300w, https:\/\/evangeo.com\/villiers\/wp-content\/uploads\/2022\/02\/image-14-768x497.png 768w\" sizes=\"auto, (max-width: 799px) 100vw, 799px\" \/><\/figure>\n\n\n\n<p>&#8211;&nbsp;&nbsp;<strong>Anjorrant de Tracy&nbsp;<\/strong>dont l\u2019h\u00e9ritier, le comte des&nbsp;<strong>Monstiers de M\u00e9renville<\/strong>,<strong>&nbsp;<\/strong>apr\u00e8s la r\u00e9volution fran\u00e7aise, a marqu\u00e9 de son empreinte le ch\u00e2teau en comblant les douves et en redessinant un parc \u00e0 l\u2019anglaise.<\/p>\n\n\n\n<p>Le comte&nbsp;<strong>Eug\u00e8ne Biver<\/strong>, maire de Villiers et grand amateur de photographies, a laiss\u00e9 un t\u00e9moignage inestimable avec un fonds de 1 120 plaques de verre photographiques renseignant&nbsp;sur l\u2019histoire de Villiers-le-B\u00e2cle et du territoire essonnien autour de 1900. De son mariage avec Marie-H\u00e9l\u00e8ne Caillat, na\u00eet en 1909, une fille, Marie-H\u00e9l\u00e8ne. Cette femme marquera de sa personnalit\u00e9 l\u2019histoire moderne de Villiers.<\/p>\n\n\n\n<p>Villiers \u00e9tait une commune agricole. \u00c0 la fin du XVII<sup>e<\/sup>&nbsp;si\u00e8cle, d\u2019importants travaux modifient la physionomie de Villiers. En 1670, Louis XIV prend la d\u00e9cision de s&rsquo;installer d\u00e9finitivement \u00e0 Versailles. Pour ce faire, il faut cr\u00e9er un lieu prestigieux alliant b\u00e2timents et jardins.&nbsp;Entre 1678 et 1680, le ministre&nbsp;<strong>Jean-Baptiste Colbert<\/strong>&nbsp;et l&rsquo;ing\u00e9nieur&nbsp;<strong>Thomas Gobert<\/strong>&nbsp;mettent en \u0153uvre d\u2019importants travaux d&rsquo;adduction d&rsquo;eau.&nbsp;<\/p>\n\n\n\n<p>Pour alimenter les fontaines, d<em>es&nbsp;<strong>rigoles<\/strong>&nbsp;sont cr\u00e9\u00e9es sur le plateau de Saclay. La rigole de Ch\u00e2teaufort traverse le village de Villiers. Des drains en poterie sont install\u00e9s sur tout le plateau. Cet assainissement permet une mise en valeur agricole.<\/em><\/p>\n\n\n\n<p>Jusqu\u2019au XVIII<sup>e<\/sup>&nbsp;si\u00e8cle, trois fermes \u00e9taient implant\u00e9es sur son territoire&nbsp;: la Grande Ferme et la Petite Ferme appartenant au ch\u00e2teau et la ferme de Port-Royal appartenant \u00e0 l\u2019abbaye de Port-Royal. De nos jours, seule la grande ferme subsiste, ayant englob\u00e9 la ferme de Port-Royal.<\/p>\n\n\n\n<p>Au XIX<sup>e<\/sup>&nbsp;si\u00e8cle, deux mutations modifient le paysage. Sur les coteaux, la culture de la vigne s\u2019\u00e9teint avec la crise du phyllox\u00e9ra et est remplac\u00e9e par celle de la fraise. Sur le plateau, aux c\u00e9r\u00e9ales, s\u2019ajoutent fourrage, pommes de terre et betteraves. Une distillerie d\u2019alcool de betteraves s\u2019implante en 1866 dans la Grande Ferme.<\/p>\n\n\n\n<p>Une petite industrie d\u2019<strong>extraction de gr\u00e8s<\/strong>&nbsp;fournit du travail aux hommes du village et attire des \u00e9trangers. Les carri\u00e8res \u00e0 ciel ouvert du bois des Grais, du Fond de la Cure et du Bois des Roches fournissent 70 000 pav\u00e9s par an. La grande duret\u00e9 de ce gr\u00e8s en fait un mat\u00e9riau de choix pour le pavage des rues parisiennes.<\/p>\n\n\n\n<p>L\u2019\u00e9glise a \u00e9t\u00e9, bien s\u00fbr, un centre de la vie sociale. Elle \u00e9tait entour\u00e9e par le ch\u00e2teau, les fermes, le tribunal et le presbyt\u00e8re. Fond\u00e9e au XIII<sup>e<\/sup>&nbsp;par Amaury de Meudon,&nbsp;ruin\u00e9e lors de la guerre de Cent Ans, reb\u00e2tie au XVII<sup>e<\/sup>&nbsp;si\u00e8cle, elle a \u00e9t\u00e9 restaur\u00e9e et d\u00e9cor\u00e9e de 1845 \u00e0 1887.&nbsp;<\/p>\n\n\n\n<p>Villiers ne comptait que 126 habitants en 1726. Villiers s\u2019est agrandi. En 1973, un quartier voit le jour, le Bel-Air, qui fait passer la population de&nbsp;225 \u00e0 plus de 700 habitants. Puis,&nbsp;d\u2019autres quartiers, les Quatre Noyers, les Quatre Arpents, Charvier donnent \u00e0 Villiers sa physionomie actuelle avec 1237 habitants en 2017.<\/p>\n\n\n\n<p>Villiers est riche aussi d\u2019un environnement naturel de grande qualit\u00e9. Le peintre&nbsp;<strong>L\u00e9onard Foujita<\/strong>&nbsp;est tomb\u00e9 sous ce charme et a achet\u00e9 une maison en 1960 qu\u2019il occupa jusqu\u2019\u00e0 son d\u00e9c\u00e8s en 1968. Propri\u00e9t\u00e9 du D\u00e9partement, on peut visiter cette maison-atelier.<\/p>\n\n\n\n<p>Bien d\u2019autres&nbsp;centres d\u2019int\u00e9r\u00eat&nbsp;&nbsp;pars\u00e8ment&nbsp;la commune : le Moulin Neuf, le Moulin des Vassaux, le ch\u00e2teau de laGrande&nbsp;Barrerie (propri\u00e9t\u00e9 priv\u00e9e) et la ferme p\u00e9dagogique du Bel-Air.&nbsp;<\/p>\n","protected":false},"excerpt":{"rendered":"<p>Notre village de 1 300 \u00e2mes a une longue histoire. En 1989, des&nbsp;vestiges gallo-romains&nbsp;ont \u00e9t\u00e9 d\u00e9couverts au nord de la commune, lors de la modification de la RD36 et de la cr\u00e9ation du carrefour&#46;&#46;&#46;<\/p>\n","protected":false},"author":3,"featured_media":0,"parent":0,"menu_order":0,"comment_status":"closed","ping_status":"closed","template":"","meta":{"_acf_changed":false,"footnotes":""},"categories":[],"tags":[],"class_list":["post-1195","page","type-page","status-publish","hentry"],"acf":[],"_links":{"self":[{"href":"https:\/\/evangeo.com\/villiers\/wp-json\/wp\/v2\/pages\/1195","targetHints":{"allow":["GET"]}}],"collection":[{"href":"https:\/\/evangeo.com\/villiers\/wp-json\/wp\/v2\/pages"}],"about":[{"href":"https:\/\/evangeo.com\/villiers\/wp-json\/wp\/v2\/types\/page"}],"author":[{"embeddable":true,"href":"https:\/\/evangeo.com\/villiers\/wp-json\/wp\/v2\/users\/3"}],"replies":[{"embeddable":true,"href":"https:\/\/evangeo.com\/villiers\/wp-json\/wp\/v2\/comments?post=1195"}],"version-history":[{"count":6,"href":"https:\/\/evangeo.com\/villiers\/wp-json\/wp\/v2\/pages\/1195\/revisions"}],"predecessor-version":[{"id":1231,"href":"https:\/\/evangeo.com\/villiers\/wp-json\/wp\/v2\/pages\/1195\/revisions\/1231"}],"wp:attachment":[{"href":"https:\/\/evangeo.com\/villiers\/wp-json\/wp\/v2\/media?parent=1195"}],"wp:term":[{"taxonomy":"category","embeddable":true,"href":"https:\/\/evangeo.com\/villiers\/wp-json\/wp\/v2\/categories?post=1195"},{"taxonomy":"post_tag","embeddable":true,"href":"https:\/\/evangeo.com\/villiers\/wp-json\/wp\/v2\/tags?post=1195"}],"curies":[{"name":"wp","href":"https:\/\/api.w.org\/{rel}","templated":true}]}}