{"id":11,"date":"2021-05-07T13:45:55","date_gmt":"2021-05-07T11:45:55","guid":{"rendered":"http:\/\/evangeo.com\/villiers\/?page_id=11"},"modified":"2023-10-16T10:47:56","modified_gmt":"2023-10-16T08:47:56","slug":"maison-rurale-dite-cour-des-miracles","status":"publish","type":"page","link":"https:\/\/evangeo.com\/villiers\/maison-rurale-dite-cour-des-miracles\/","title":{"rendered":"La Cour des Miracles"},"content":{"rendered":"<img decoding=\"async\" style=\"width: 100%\" src=\"https:\/\/evangeo.com\/villiers\/wp-content\/uploads\/2022\/07\/3BD-Courte-Butte.jpg\">\n<p>Au sud de la place de la mairie, la Cour des Miracles est situ\u00e9e au bord du plateau, en haut du chemin tr\u00e8s pentu de la Courte Butte qui relie le bourg \u00e0 la vall\u00e9e.<\/p>\n\n\n\n<p>Les volets bleus indiquent une propri\u00e9t\u00e9 de la ch\u00e2telaine qui, apr\u00e8s la seconde guerre mondiale, poss\u00e8de 21 maisons sur le territoire du village. Ces communs d\u00e9pendant du ch\u00e2teau semblent remonter au XVIIe si\u00e8cle, \u00e0 l&rsquo;\u00e9poque o\u00f9 le terme \u00a0\u00bb Cour des miracles \u00a0\u00bb d\u00e9signe un quartier o\u00f9 sont log\u00e9s gratuitement les n\u00e9cessiteux.<\/p>\n\n\n\n<p>Ces maisons avec un jardin arri\u00e8re s\u2019organisent autour d\u2019une cour non ferm\u00e9e, accessible par un passage pav\u00e9. Les cours communes se multiplient avec l\u2019augmentation de la population.<\/p>\n\n\n\n<p>Les diff\u00e9rents corps de b\u00e2timents, qui comprennent plusieurs logements, sont ajout\u00e9s au fur et \u00e0 mesure entre 1768 et 1808, \u00e0 l\u2019exception de celui de droite qui serait plus tardif.<\/p>\n\n\n\n<p>Des caves importantes, dont la construction est facilit\u00e9e par la d\u00e9clivit\u00e9, t\u00e9moignent de la culture de la vigne.<\/p>\n\n\n\n<p><\/p>\n","protected":false},"excerpt":{"rendered":"<p>Au sud de la place de la mairie, la Cour des Miracles est situ\u00e9e au bord du plateau, en haut du chemin tr\u00e8s pentu de la Courte Butte qui relie le bourg \u00e0 la&#46;&#46;&#46;<\/p>\n","protected":false},"author":1,"featured_media":710,"parent":0,"menu_order":0,"comment_status":"closed","ping_status":"closed","template":"","meta":{"_acf_changed":false,"footnotes":""},"categories":[],"tags":[],"class_list":["post-11","page","type-page","status-publish","has-post-thumbnail","hentry"],"acf":[],"_links":{"self":[{"href":"https:\/\/evangeo.com\/villiers\/wp-json\/wp\/v2\/pages\/11","targetHints":{"allow":["GET"]}}],"collection":[{"href":"https:\/\/evangeo.com\/villiers\/wp-json\/wp\/v2\/pages"}],"about":[{"href":"https:\/\/evangeo.com\/villiers\/wp-json\/wp\/v2\/types\/page"}],"author":[{"embeddable":true,"href":"https:\/\/evangeo.com\/villiers\/wp-json\/wp\/v2\/users\/1"}],"replies":[{"embeddable":true,"href":"https:\/\/evangeo.com\/villiers\/wp-json\/wp\/v2\/comments?post=11"}],"version-history":[{"count":11,"href":"https:\/\/evangeo.com\/villiers\/wp-json\/wp\/v2\/pages\/11\/revisions"}],"predecessor-version":[{"id":755,"href":"https:\/\/evangeo.com\/villiers\/wp-json\/wp\/v2\/pages\/11\/revisions\/755"}],"wp:featuredmedia":[{"embeddable":true,"href":"https:\/\/evangeo.com\/villiers\/wp-json\/wp\/v2\/media\/710"}],"wp:attachment":[{"href":"https:\/\/evangeo.com\/villiers\/wp-json\/wp\/v2\/media?parent=11"}],"wp:term":[{"taxonomy":"category","embeddable":true,"href":"https:\/\/evangeo.com\/villiers\/wp-json\/wp\/v2\/categories?post=11"},{"taxonomy":"post_tag","embeddable":true,"href":"https:\/\/evangeo.com\/villiers\/wp-json\/wp\/v2\/tags?post=11"}],"curies":[{"name":"wp","href":"https:\/\/api.w.org\/{rel}","templated":true}]}}